{"id":1393,"date":"2019-02-05T15:22:33","date_gmt":"2019-02-05T15:22:33","guid":{"rendered":"http:\/\/www.trops.pt\/politica-de-privacidad\/?lang=en"},"modified":"2019-07-16T07:21:00","modified_gmt":"2019-07-16T07:21:00","slug":"politica-de-privacidad","status":"publish","type":"page","link":"https:\/\/www.trops.pt\/en\/politica-de-privacidad\/","title":{"rendered":"Privacy Policy"},"content":{"rendered":"<h2 style=\"font-size: 25px; padding-top: 30px; font-weight: initial; padding-bottom: 192px;\">Privacy Policy<\/h2>\n<p><b>PRIVACY AND CONFIDENTIALITY POLICY<\/b><\/p>\n<p>&nbsp;<\/p>\n<p><span style=\"font-weight: 400;\">In accordance with REGULATION (EU) 2016\/679 OF THE EUROPEAN PARLIAMENT AND OF THE COUNCIL of 27 April 2016 on the protection of individuals with regard to the processing of personal data and on the free movement of such data, which repeals Directive 95\/46\/EC (General Data Protection Regulation), we inform you of the following:<\/span><\/p>\n<p>&nbsp;<\/p>\n<p><b>Purpose of the processing of your personal data:<\/b><\/p>\n<p>&nbsp;<\/p>\n<p><span style=\"font-weight: 400;\">We will process the personal data you provide through our forms in order to meet your requests for information and\/or employment, as well as to send commercial communications that might be of interest if you subscribe to our Newsletter..<\/span><\/p>\n<p>&nbsp;<\/p>\n<p><b>Duration of processing:<\/b><\/p>\n<p>&nbsp;<\/p>\n<p><span style=\"font-weight: 400;\">The data provided will be incorporated into the TROPS processing system and will be kept for as long as necessary to fulfill the purpose for which the data was collected, unless there is a legal obligation that requires or limits its storage period or unless responsibilities could derive from the data provided.<\/span><\/p>\n<p>&nbsp;<\/p>\n<p><b>Transfer of the data provided:<\/b><\/p>\n<p>&nbsp;<\/p>\n<p><span style=\"font-weight: 400;\">The data provided will be incorporated into the TROPS processing system and may be shared with the other businesses in the TROPS group in order to fulfill the purpose for which the data was collected. We will request your consent for any transfer of data to third parties, except in cases where there is a legal obligation to do so, or where the data are requested by statutory authorities with such powers.<\/span><\/p>\n<p>&nbsp;<\/p>\n<p><b>Legitimation of processing:<\/b><\/p>\n<p><span style=\"font-weight: 400;\"><br \/>\n<\/span><span style=\"font-weight: 400;\">The processing of the data provided by the user will be carried out on the basis of the consent of the interested party, which will be granted through the completion of the forms and\/or registration on the website and the acceptance of this Privacy Policy.<\/span><\/p>\n<p>&nbsp;<\/p>\n<p><b>Your rights regarding your personal data<\/b><\/p>\n<p>&nbsp;<\/p>\n<p><span style=\"font-weight: 400;\">We hereby inform you that you may at any time exercise the following rights over your personal data: right of access, rectification, deletion or right to be forgotten, limitation, opposition, portability and to withdraw the consent given. To do so you can send an email to tavira@trops.pt or send a letter to TROPS &#8211; SUCURSAL EM PORTUGAL &#8211; Nave Trops. PARQUE EMPRESARIAL DE TAVIRA 8800-360 TAVIRA.<\/span><\/p>\n<p>&nbsp;<\/p>\n<p><span style=\"font-weight: 400;\">In addition, the interested party may contact the Comiss\u00e3o Nacional de Protec\u00e7\u00e3o de Dados to obtain additional information or to file a complaint.<\/span><\/p>\n<p>&nbsp;<\/p>\n<p><b>Additional information:<\/b><\/p>\n<p><span style=\"font-weight: 400;\">TROPS undertakes to maintain professional secrecy with regard to the data you provide us with, as well as any other information and\/or documentation you may send us, regardless of the format of the latter and the medium in which it is carried out.<\/span><\/p>\n<p>&nbsp;<\/p>\n<p><span style=\"font-weight: 400;\">We have taken the necessary technical and organizational measures to ensure the confidentiality and security of the personal data provided and to prevent their loss, alteration or fraudulent use. However, users must understand that impregnable security measures do not exist. The persons concerned and the competent authority shall be informed of any breach of security that could harm them.<\/span><\/p>\n<p><span style=\"font-weight: 400;\">We understand that the personal data provided are accurate and up to date, and that this will be the case as long as no variation of these is expressly communicated by the interested party.<\/span><\/p>\n<p>&nbsp;<\/p>\n<p><span style=\"font-weight: 400;\">We inform you that we will NOT make automated decisions regarding your personal data.<\/span><\/p>\n<p>&nbsp;<\/p>\n<p><span style=\"font-weight: 400;\">This Privacy Policy may be modified without prior notice as a result of changes to the website, or changes in legislation or case law that affect it.<\/span><\/p>\n<p>&nbsp;<\/p>\n<p><span style=\"font-weight: 400;\">The user must carefully read and accept the Privacy Policy when providing us with personal data through our contact forms.<\/span><\/p>\n<p>&nbsp;<\/p>\n<p><b>Details of the person responsible:<\/b><\/p>\n<p>&nbsp;<\/p>\n<table>\n<tbody>\n<tr>\n<td><b>Nome de entidade:<\/b><\/td>\n<td><span style=\"font-weight: 400;\">TROPS -SUCURSAL EM PORTUGAL<\/span><\/td>\n<\/tr>\n<tr>\n<td><b>NIPC: <\/b><\/td>\n<td><span style=\"font-weight: 400;\">960599105<\/span><\/td>\n<\/tr>\n<tr>\n<td><b>Morada de representa\u00e7\u00e4o em Portugal<\/b><\/td>\n<td><span style=\"font-weight: 400;\">NAVE TROPS. PARQUE EMPRESARIAL DE TAVIRA<\/span><\/td>\n<\/tr>\n<tr>\n<td><b>C\u00f3digo Postal:<\/b><\/td>\n<td><span style=\"font-weight: 400;\">8800-360 <\/span><\/td>\n<\/tr>\n<tr>\n<td><b>Distrito: <\/b><\/td>\n<td><span style=\"font-weight: 400;\">Faro<\/span><\/td>\n<\/tr>\n<tr>\n<td><b>Concelho:<\/b><\/td>\n<td><span style=\"font-weight: 400;\">Tavira<\/span><\/td>\n<\/tr>\n<tr>\n<td><b>Freguesia: \u00a0\u00a0\u00a0\u00a0\u00a0\u00a0\u00a0\u00a0\u00a0\u00a0\u00a0\u00a0\u00a0\u00a0\u00a0\u00a0\u00a0\u00a0\u00a0\u00a0\u00a0\u00a0\u00a0\u00a0\u00a0\u00a0\u00a0\u00a0\u00a0\u00a0\u00a0\u00a0\u00a0\u00a0\u00a0\u00a0\u00a0\u00a0\u00a0\u00a0\u00a0\u00a0\u00a0<\/b><\/td>\n<td><span style=\"font-weight: 400;\">Tavira (Santa Maria e Santiago)<\/span><\/td>\n<\/tr>\n<tr>\n<td><b>Correo electr\u00f3nico:<\/b><\/td>\n<td><span style=\"font-weight: 400;\">tavira@trops.pt<\/span><\/td>\n<\/tr>\n<\/tbody>\n<\/table>\n","protected":false},"excerpt":{"rendered":"<p>Privacy Policy PRIVACY AND CONFIDENTIALITY POLICY &nbsp; In accordance with REGULATION (EU) 2016\/679 OF THE EUROPEAN PARLIAMENT AND OF THE COUNCIL of 27 April 2016 on the protection of individuals with regard to the processing of personal data and on&#8230;<\/p>\n","protected":false},"author":1,"featured_media":0,"parent":0,"menu_order":0,"comment_status":"closed","ping_status":"closed","template":"","meta":{"footnotes":""},"class_list":["post-1393","page","type-page","status-publish","hentry"],"_links":{"self":[{"href":"https:\/\/www.trops.pt\/en\/wp-json\/wp\/v2\/pages\/1393","targetHints":{"allow":["GET"]}}],"collection":[{"href":"https:\/\/www.trops.pt\/en\/wp-json\/wp\/v2\/pages"}],"about":[{"href":"https:\/\/www.trops.pt\/en\/wp-json\/wp\/v2\/types\/page"}],"author":[{"embeddable":true,"href":"https:\/\/www.trops.pt\/en\/wp-json\/wp\/v2\/users\/1"}],"replies":[{"embeddable":true,"href":"https:\/\/www.trops.pt\/en\/wp-json\/wp\/v2\/comments?post=1393"}],"version-history":[{"count":2,"href":"https:\/\/www.trops.pt\/en\/wp-json\/wp\/v2\/pages\/1393\/revisions"}],"predecessor-version":[{"id":1395,"href":"https:\/\/www.trops.pt\/en\/wp-json\/wp\/v2\/pages\/1393\/revisions\/1395"}],"wp:attachment":[{"href":"https:\/\/www.trops.pt\/en\/wp-json\/wp\/v2\/media?parent=1393"}],"curies":[{"name":"wp","href":"https:\/\/api.w.org\/{rel}","templated":true}]}}