{"id":10,"date":"2018-08-14T11:38:45","date_gmt":"2018-08-14T11:38:45","guid":{"rendered":"http:\/\/www.trops.pt\/?page_id=10"},"modified":"2019-07-17T07:00:25","modified_gmt":"2019-07-17T07:00:25","slug":"products","status":"publish","type":"page","link":"https:\/\/www.trops.pt\/es\/products\/","title":{"rendered":"Products"},"content":{"rendered":"<p>[vc_row full_width=\u00bbstretch_row_content_no_spaces\u00bb gap=\u00bb35&#8243; equal_height=\u00bbyes\u00bb content_placement=\u00bbmiddle\u00bb css_animation=\u00bbfadeIn\u00bb remove_padding=\u00bbno-padding-vc-row\u00bb bg_type=\u00bbimage\u00bb parallax_style=\u00bbvcpb-vz-jquery\u00bb bg_image_new=\u00bbid^612|url^http:\/\/www.trops.pt\/wp-content\/uploads\/2018\/11\/bk.jpg|caption^null|alt^null|title^bk|description^null\u00bb kswr_row_top_decor_enabled=\u00bbfalse\u00bb kswr_row_bottom_decor_enabled=\u00bbfalse\u00bb css=\u00bb.vc_custom_1541589020203{padding-top: 100px !important;padding-bottom: 100px !important;}\u00bb][vc_column width=\u00bb1\/6&#8243; el_class=\u00bbavolefte\u00bb][\/vc_column][vc_column width=\u00bb2\/3&#8243;][vc_row_inner gap=\u00bb35&#8243; css=\u00bb.vc_custom_1541495792943{padding-right: 30px !important;padding-left: 30px !important;}\u00bb][vc_column_inner el_class=\u00bbmaskleft\u00bb width=\u00bb1\/2&#8243; css=\u00bb.vc_custom_1541495872231{padding-right: 30px !important;padding-left: 30px !important;background-color: rgba(255,255,255,0.88) !important;*background-color: rgb(255,255,255) !important;}\u00bb el_id=\u00bbmaskleft\u00bb][vc_column_text]<\/p>\n<h2 style=\"text-align: center;\"><em><span style=\"color: #ff3927;\">AGUACATE<\/span><\/em><\/h2>\n<p><span style=\"font-weight: 400;\">El aguacate TROPS es reconocido por tener una textura cremosa y un sabor exquisito.<\/span><\/p>\n<p><span style=\"font-weight: 400;\">Esta fruta se ha convertido en indispensable dentro de una dieta saludable gracias a los m\u00faltiples \u00a0beneficios que ofrece para nuestra salud; es rico en vitaminas, minerales, antioxidantes y grasas saludables.<\/span><\/p>\n<p><img loading=\"lazy\" decoding=\"async\" class=\"trans alignleft wp-image-631 \" src=\"http:\/\/www.trops.pt\/wp-content\/uploads\/2018\/11\/trans.png\" alt=\"\" width=\"82\" height=\"82\" \/><\/p>\n<p><span style=\"font-weight: 400;\">Es conocido como \u201cLa fruta del coraz\u00f3n\u201d por los beneficios que aporta al sistema cardiovascular y adem\u00e1s se trata de un producto muy vers\u00e1til en la cocina al adaptarse a todo tipo de platos.<\/span><\/p>\n<p><img loading=\"lazy\" decoding=\"async\" class=\"trans alignleft wp-image-631 \" src=\"http:\/\/www.trops.pt\/wp-content\/uploads\/2018\/11\/trans.png\" alt=\"\" width=\"124\" height=\"124\" \/><\/p>\n<p><span style=\"font-weight: 400;\">En TROPS somos expertos en frutas tropicales y sabemos de la importancia del cuidado en cada fase de la vida del aguacate. Nuestra exigencia y compromiso con la calidad nos llev\u00f3 a integrar dentro de la compa\u00f1\u00eda todo el proceso y as\u00ed poder garantizar la calidad premium de nuestros aguacates.<\/span>[\/vc_column_text]<div class=\"pix_button button-right\"><a href=\"http:\/\/www.trops.pt\/products\/avocados\/?lang=es\"  class=\"clear btn  btn-outline btn-hover-outline btn-rectangle  btn-back btn-md color btn-hover-color\">SABER M\u00c1S <span class=\"btn-icon pixicon-arrow-angle-double-right\"><\/span><\/a><\/div>[\/vc_column_inner][vc_column_inner width=\u00bb1\/2&#8243; css=\u00bb.vc_custom_1541493937926{background-color: rgba(255,255,255,0.88) !important;*background-color: rgb(255,255,255) !important;}\u00bb][vc_column_text]<\/p>\n<h2 style=\"text-align: center;\"><em><span style=\"color: #ff3927;\">MANGO<\/span><\/em><\/h2>\n<p><span style=\"font-weight: 400;\">El mango TROPS es reconocido por tener un sabor dulce y refrescante, su jugosa textura est\u00e1 exenta de fibras.<\/span><\/p>\n<p><span style=\"font-weight: 400;\">Esta fruta ofrece m\u00faltiples beneficios para nuestra salud; es rico en fibra y antioxidantes, contiene m\u00faltiples vitaminas y minerales, destacando su alto contenido en Vitamina C, A, E y \u00c1cido f\u00f3lico. Adem\u00e1s, se trata de un producto muy vers\u00e1til en la cocina al adaptar a todo tipo de platos.<\/span><\/p>\n<p><img loading=\"lazy\" decoding=\"async\" class=\"trans alignright wp-image-631\" src=\"http:\/\/www.trops.pt\/wp-content\/uploads\/2018\/11\/trans.png\" alt=\"\" width=\"100\" height=\"100\" \/><\/p>\n<p><span style=\"font-weight: 400;\">En TROPS sentimos verdadera pasi\u00f3n por las frutas tropicales y por ellos sabemos sde la importancia que tiene el cuidado\u00a0<\/span>en cada fase de la vida del mango, desde su cultivo hasta llegar a la mesa de los consumidores.<\/p>\n<p><img loading=\"lazy\" decoding=\"async\" class=\"trans alignright wp-image-631\" src=\"http:\/\/www.trops.pt\/wp-content\/uploads\/2018\/11\/trans.png\" alt=\"\" width=\"197\" height=\"197\" \/><\/p>\n<p><span style=\"font-weight: 400;\">Nuestro compromiso por ofrecer al mercado el mejor mango nos llev\u00f3 a integrar dentro de la compa\u00f1\u00eda todo el proceso; cultivo, recolecci\u00f3n, manipulaci\u00f3n, envasado y distribuci\u00f3n. S\u00f3lo as\u00ed podemos garantizar la calidad premium de los mangos TROPS.<\/span>[\/vc_column_text]<div class=\"pix_button \"><a href=\"http:\/\/www.trops.pt\/products\/mango\/?lang=es\"  class=\"clear btn  btn-outline btn-hover-outline btn-rectangle  btn-back btn-md color btn-hover-color\">SABER M\u00c1S <span class=\"btn-icon pixicon-arrow-angle-double-right\"><\/span><\/a><\/div>[\/vc_column_inner][\/vc_row_inner][\/vc_column][vc_column width=\u00bb1\/6&#8243; el_class=\u00bbmangoright\u00bb][\/vc_column][\/vc_row][vc_row bg_type=\u00bbgrad\u00bb bg_override=\u00bbfull\u00bb bg_grad=\u00bbbackground: -webkit-gradient(linear, left top, left bottom, color-stop(0%, #96AE29), color-stop(74%, #7A9321), color-stop(100%, #799121));background: -moz-linear-gradient(left,#96AE29 0%,#7A9321 74%,#799121 100%);background: -webkit-linear-gradient(left,#96AE29 0%,#7A9321 74%,#799121 100%);background: -o-linear-gradient(left,#96AE29 0%,#7A9321 74%,#799121 100%);background: -ms-linear-gradient(left,#96AE29 0%,#7A9321 74%,#799121 100%);background: linear-gradient(left,#96AE29 0%,#7A9321 74%,#799121 100%);\u00bb css=\u00bb.vc_custom_1534256775776{padding-top: 32px !important;padding-bottom: 42px !important;}\u00bb][vc_column width=\u00bb2\/3&#8243; css=\u00bb.vc_custom_1534415018937{margin-top: 0px !important;border-top-width: 0px !important;padding-top: 0px !important;padding-left: 50px !important;}\u00bb el_class=\u00bbunete-trops\u00bb][vc_column_text]<\/p>\n<h4 style=\"font-size: 2.6em; font-weight: 100; line-height: 53px; color: white;\">\u00danete a TROPS, la principal productora de aguacate y mango de Europa.<\/h4>\n<p class=\"unete-trops\" style=\"color: white; font-size: 15px;\">Inf\u00f3rmate aqu\u00ed sobre las ventajas de ser socio de TROPS<\/p>\n<p>[\/vc_column_text][\/vc_column][vc_column width=\u00bb1\/3&#8243; css=\u00bb.vc_custom_1534256137792{margin-top: 75px !important;border-top-width: 0px !important;padding-top: 0px !important;}\u00bb]<div class=\"pix_button button-center\"><a href=\"http:\/\/www.trops.pt\/work-with-us\/?lang=es\"  class=\"clear btn ver-mas-verde btn-outline btn-hover-outline btn-rectangle  btn-back btn-md white btn-hover-white\">SABER M\u00c1S <span class=\"btn-icon pixicon-arrow-angle-double-right\"><\/span><\/a><\/div>[\/vc_column][\/vc_row]<\/p>\n","protected":false},"excerpt":{"rendered":"<p>[vc_row full_width=\u00bbstretch_row_content_no_spaces\u00bb gap=\u00bb35&#8243; equal_height=\u00bbyes\u00bb content_placement=\u00bbmiddle\u00bb css_animation=\u00bbfadeIn\u00bb remove_padding=\u00bbno-padding-vc-row\u00bb bg_type=\u00bbimage\u00bb parallax_style=\u00bbvcpb-vz-jquery\u00bb bg_image_new=\u00bbid^612|url^http:\/\/www.trops.pt\/wp-content\/uploads\/2018\/11\/bk.jpg|caption^null|alt^null|title^bk|description^null\u00bb kswr_row_top_decor_enabled=\u00bbfalse\u00bb kswr_row_bottom_decor_enabled=\u00bbfalse\u00bb css=\u00bb.vc_custom_1541589020203{padding-top: 100px !important;padding-bottom: 100px !important;}\u00bb][vc_column width=\u00bb1\/6&#8243; el_class=\u00bbavolefte\u00bb][\/vc_column][vc_column width=\u00bb2\/3&#8243;][vc_row_inner gap=\u00bb35&#8243; css=\u00bb.vc_custom_1541495792943{padding-right: 30px !important;padding-left: 30px !important;}\u00bb][vc_column_inner el_class=\u00bbmaskleft\u00bb width=\u00bb1\/2&#8243; css=\u00bb.vc_custom_1541495872231{padding-right: 30px !important;padding-left: 30px !important;background-color: rgba(255,255,255,0.88) !important;*background-color: rgb(255,255,255) !important;}\u00bb el_id=\u00bbmaskleft\u00bb][vc_column_text] AGUACATE El&#8230;<\/p>\n","protected":false},"author":1,"featured_media":0,"parent":0,"menu_order":0,"comment_status":"closed","ping_status":"closed","template":"","meta":{"footnotes":""},"class_list":["post-10","page","type-page","status-publish","hentry"],"_links":{"self":[{"href":"https:\/\/www.trops.pt\/es\/wp-json\/wp\/v2\/pages\/10","targetHints":{"allow":["GET"]}}],"collection":[{"href":"https:\/\/www.trops.pt\/es\/wp-json\/wp\/v2\/pages"}],"about":[{"href":"https:\/\/www.trops.pt\/es\/wp-json\/wp\/v2\/types\/page"}],"author":[{"embeddable":true,"href":"https:\/\/www.trops.pt\/es\/wp-json\/wp\/v2\/users\/1"}],"replies":[{"embeddable":true,"href":"https:\/\/www.trops.pt\/es\/wp-json\/wp\/v2\/comments?post=10"}],"version-history":[{"count":106,"href":"https:\/\/www.trops.pt\/es\/wp-json\/wp\/v2\/pages\/10\/revisions"}],"predecessor-version":[{"id":1482,"href":"https:\/\/www.trops.pt\/es\/wp-json\/wp\/v2\/pages\/10\/revisions\/1482"}],"wp:attachment":[{"href":"https:\/\/www.trops.pt\/es\/wp-json\/wp\/v2\/media?parent=10"}],"curies":[{"name":"wp","href":"https:\/\/api.w.org\/{rel}","templated":true}]}}