{"id":1096,"date":"2019-02-05T15:22:33","date_gmt":"2019-02-05T15:22:33","guid":{"rendered":"http:\/\/www.trops.pt\/politica-de-privacidad\/?lang=es"},"modified":"2019-07-16T14:32:35","modified_gmt":"2019-07-16T14:32:35","slug":"politica-de-privacidad","status":"publish","type":"page","link":"https:\/\/www.trops.pt\/es\/politica-de-privacidad\/","title":{"rendered":"Pol\u00edtica de privacidad"},"content":{"rendered":"<h2 style=\"font-size: 25px; padding-top: 30px; font-weight: initial; padding-bottom: 192px;\">Pol\u00edtica de privacidad<\/h2>\n<p><b>POL\u00cdTICA DE PRIVACIDAD Y CONFIDENCIALIDAD<\/b><\/p>\n<p>&nbsp;<\/p>\n<p><span style=\"font-weight: 400;\">De conformidad con el REGLAMENTO (UE) 2016\/679 DEL PARLAMENTO EUROPEO Y DEL CONSEJO de 27 de abril de 2016 relativo a la protecci\u00f3n de las personas f\u00edsicas en lo que respecta al tratamiento de datos personales ya la libre circulaci\u00f3n de estos datos y por el que la Directiva 95 \/ 46 \/ CE (Reglamento General de Protecci\u00f3n de Datos) queda derogada, se indica que:<\/span><\/p>\n<p>&nbsp;<\/p>\n<p><b>Finalidad del tratamiento de sus datos personales:<\/b><\/p>\n<p>&nbsp;<\/p>\n<p><span style=\"font-weight: 400;\">Trataremos los datos personales, que nos proporcione a trav\u00e9s de nuestros formularios, con el fin de atender sus solicitudes de informaci\u00f3n y\/o empleo, as\u00ed como poder enviarle comunicaciones comerciales que pudieran ser de su inter\u00e9s si se suscribe a nuestro Newsletter.<\/span><\/p>\n<p>&nbsp;<\/p>\n<p><b>Duraci\u00f3n del tratamiento:<\/b><\/p>\n<p>&nbsp;<\/p>\n<p><span style=\"font-weight: 400;\">Los datos proporcionados formar\u00e1n parte de los sistemas de tratamiento de TROPS y se conservar\u00e1n durante el tiempo necesario para cumplir con la finalidad para la que fueron recabados. Salvo que exista obligaci\u00f3n legal que exija o limite su periodo de conservaci\u00f3n o se pudieran derivar responsabilidades de los datos proporcionados.<\/span><\/p>\n<p>&nbsp;<\/p>\n<p><b>Cesi\u00f3n de los datos proporcionados:<\/b><\/p>\n<p>&nbsp;<\/p>\n<p><span style=\"font-weight: 400;\">Los datos personales facilitados pasar\u00e1n a formar parte del sistema de tratamiento de TROPS y podr\u00e1n ser comunicados al resto de empresas del grupo TROPS para cumplir con la finalidad para la que fueron recabados. Para cualquier cesi\u00f3n de datos a terceros solicitaremos su consentimiento salvo en los casos en los que exista una obligaci\u00f3n legal o sean solicitados por Autoridades con competencia en la materia.<\/span><\/p>\n<p>&nbsp;<\/p>\n<p><b>Legitimaci\u00f3n del tratamiento:<\/b><\/p>\n<p><span style=\"font-weight: 400;\"><br \/>\n<\/span><span style=\"font-weight: 400;\">El tratamiento de los datos aportados por el usuario se llevar\u00e1 a cabo en base el consentimiento del propio interesado, el cual, ser\u00e1 otorgado mediante la cumplimentaci\u00f3n de los formularios y\/o registros de la web y la aceptaci\u00f3n de la presente Pol\u00edtica de Privacidad.<\/span><\/p>\n<p>&nbsp;<\/p>\n<p><b>Derechos que tiene sobre sus datos personales<\/b><\/p>\n<p>&nbsp;<\/p>\n<p><span style=\"font-weight: 400;\">Le informamos de que usted podr\u00e1 en todo momento ejercer los siguientes derechos sobre sus datos personales: derecho de acceso, rectificaci\u00f3n, supresi\u00f3n u olvido, limitaci\u00f3n, oposici\u00f3n, portabilidad y a retirar el consentimiento prestado, para ello podr\u00e1 enviar un email a tavira@trops.pt o dirigir un escrito a TROPS -SUCURSAL EM PORTUGAL &#8211; Nave Trops. PARQUE EMPRESARIAL DE TAVIRA 8800-360 TAVIRA.<\/span><\/p>\n<p>&nbsp;<\/p>\n<p><span style=\"font-weight: 400;\">Adem\u00e1s, el interesado puede dirigirse a la Comiss\u00e3o Nacional de Protec\u00e7\u00e3o de Dados para obtener informaci\u00f3n adicional o presentar una reclamaci\u00f3n.<\/span><\/p>\n<p>&nbsp;<\/p>\n<p><b>Informaci\u00f3n adicional:<\/b><\/p>\n<p><span style=\"font-weight: 400;\">TROPS se compromete al secreto profesional respecto a los datos que nos facilite, as\u00ed como cualquier otra informaci\u00f3n y\/o documentaci\u00f3n que pudiera remitirnos o hacernos llegar, independientemente del formato de \u00e9sta y del medio en el que se efect\u00fae.<\/span><\/p>\n<p>&nbsp;<\/p>\n<p><span style=\"font-weight: 400;\">Hemos adoptado las medidas t\u00e9cnicas y organizativas necesarias para garantizar la confidencialidad y seguridad de los datos personales proporcionados, as\u00ed como para evitar su p\u00e9rdida, alteraci\u00f3n o uso fraudulento. Si bien deber\u00e1n comprender que no existen las medidas de seguridad inexpugnables, no obstante, se pondr\u00e1 en conocimiento de los interesados y de la Autoridad competente cualquier violaci\u00f3n de seguridad que pudiera suponerles un perjuicio.<\/span><\/p>\n<p><span style=\"font-weight: 400;\">Entendemos que los datos personales proporcionados son exactos y actualizados, y que as\u00ed ser\u00e1 mientras no se comunique expresamente una variaci\u00f3n de estos por parte del interesado.<\/span><\/p>\n<p>&nbsp;<\/p>\n<p><span style=\"font-weight: 400;\">Le informamos de que NO se tomar\u00e1n decisiones automatizadas sobre sus datos personales.<\/span><\/p>\n<p>&nbsp;<\/p>\n<p><span style=\"font-weight: 400;\">La presente Pol\u00edtica de Privacidad podr\u00e1 ser modificada sin previo aviso en funci\u00f3n de los cambios que se produzcan en el sitio web, o bien por cambios legislativos o jurisprudenciales que afectasen a la misma.<\/span><\/p>\n<p>&nbsp;<\/p>\n<p><span style=\"font-weight: 400;\">El usuario deber\u00e1 leer detenidamente y aceptar la Pol\u00edtica de Privacidad cuando nos proporcione datos personales a trav\u00e9s de nuestros formularios de contacto.<\/span><\/p>\n<p>&nbsp;<\/p>\n<p><b>Datos del responsable:<\/b><\/p>\n<p>&nbsp;<\/p>\n<table>\n<tbody>\n<tr>\n<td><b>Nome de entidade:<\/b><\/td>\n<td><span style=\"font-weight: 400;\">TROPS -SUCURSAL EM PORTUGAL<\/span><\/td>\n<\/tr>\n<tr>\n<td><b>NIPC: <\/b><\/td>\n<td><span style=\"font-weight: 400;\">960599105<\/span><\/td>\n<\/tr>\n<tr>\n<td><b>Morada de representa\u00e7\u00e4o em Portugal<\/b><\/td>\n<td><span style=\"font-weight: 400;\">NAVE TROPS. PARQUE EMPRESARIAL DE TAVIRA<\/span><\/td>\n<\/tr>\n<tr>\n<td><b>C\u00f3digo Postal:<\/b><\/td>\n<td><span style=\"font-weight: 400;\">8800-360 <\/span><\/td>\n<\/tr>\n<tr>\n<td><b>Distrito: <\/b><\/td>\n<td><span style=\"font-weight: 400;\">Faro<\/span><\/td>\n<\/tr>\n<tr>\n<td><b>Concelho:<\/b><\/td>\n<td><span style=\"font-weight: 400;\">Tavira<\/span><\/td>\n<\/tr>\n<tr>\n<td><b>Freguesia: \u00a0\u00a0\u00a0\u00a0\u00a0\u00a0\u00a0\u00a0\u00a0\u00a0\u00a0\u00a0\u00a0\u00a0\u00a0\u00a0\u00a0\u00a0\u00a0\u00a0\u00a0\u00a0\u00a0\u00a0\u00a0\u00a0\u00a0\u00a0\u00a0\u00a0\u00a0\u00a0\u00a0\u00a0\u00a0\u00a0\u00a0\u00a0\u00a0\u00a0\u00a0\u00a0\u00a0<\/b><\/td>\n<td><span style=\"font-weight: 400;\">Tavira (Santa Maria e Santiago)<\/span><\/td>\n<\/tr>\n<tr>\n<td><b>Correo electr\u00f3nico:<\/b><\/td>\n<td><span style=\"font-weight: 400;\">tavira@trops.pt<\/span><\/td>\n<\/tr>\n<\/tbody>\n<\/table>\n","protected":false},"excerpt":{"rendered":"<p>Pol\u00edtica de privacidad POL\u00cdTICA DE PRIVACIDAD Y CONFIDENCIALIDAD &nbsp; De conformidad con el REGLAMENTO (UE) 2016\/679 DEL PARLAMENTO EUROPEO Y DEL CONSEJO de 27 de abril de 2016 relativo a la protecci\u00f3n de las personas f\u00edsicas en lo que respecta&#8230;<\/p>\n","protected":false},"author":1,"featured_media":0,"parent":0,"menu_order":0,"comment_status":"closed","ping_status":"closed","template":"","meta":{"footnotes":""},"class_list":["post-1096","page","type-page","status-publish","hentry"],"_links":{"self":[{"href":"https:\/\/www.trops.pt\/es\/wp-json\/wp\/v2\/pages\/1096","targetHints":{"allow":["GET"]}}],"collection":[{"href":"https:\/\/www.trops.pt\/es\/wp-json\/wp\/v2\/pages"}],"about":[{"href":"https:\/\/www.trops.pt\/es\/wp-json\/wp\/v2\/types\/page"}],"author":[{"embeddable":true,"href":"https:\/\/www.trops.pt\/es\/wp-json\/wp\/v2\/users\/1"}],"replies":[{"embeddable":true,"href":"https:\/\/www.trops.pt\/es\/wp-json\/wp\/v2\/comments?post=1096"}],"version-history":[{"count":5,"href":"https:\/\/www.trops.pt\/es\/wp-json\/wp\/v2\/pages\/1096\/revisions"}],"predecessor-version":[{"id":1474,"href":"https:\/\/www.trops.pt\/es\/wp-json\/wp\/v2\/pages\/1096\/revisions\/1474"}],"wp:attachment":[{"href":"https:\/\/www.trops.pt\/es\/wp-json\/wp\/v2\/media?parent=1096"}],"curies":[{"name":"wp","href":"https:\/\/api.w.org\/{rel}","templated":true}]}}