{"id":1307,"date":"2019-02-05T15:04:04","date_gmt":"2019-02-05T15:04:04","guid":{"rendered":"http:\/\/www.trops.pt\/aviso-legal\/?lang=es"},"modified":"2019-07-16T14:15:19","modified_gmt":"2019-07-16T14:15:19","slug":"aviso-legal","status":"publish","type":"page","link":"https:\/\/www.trops.pt\/es\/aviso-legal\/","title":{"rendered":"Aviso Legal"},"content":{"rendered":"<p>[vc_row][vc_column][vc_column_text]<\/p>\n<h2 style=\"font-size: 25px; padding-top: 20px; font-weight: initial; padding-bottom: 62px;\">Aviso legal<\/h2>\n<p><strong>AVISO LEGAL<\/strong><\/p>\n<p>De acuerdo con la Directiva Europea 2009\/136\/CE que afecta al uso de cookies y correos comerciales, todos nuestros clientes, usuarios y visitantes son informados de la informaci\u00f3n legal relativa a la empresa propietaria del sitio web ubicado en la direcci\u00f3n de Internet:<\/p>\n<p style=\"text-align: center;\"><a href=\"http:\/\/www.trops.pt\">http:\/\/www.trops.pt<\/a><\/p>\n<p><strong>TITULARIDAD DE SITIOS WEB<\/strong><\/p>\n<p style=\"text-align: left;\"><strong>Nome de entidade:<\/strong> TROPS -SUCURSAL EM PORTUGAL<br \/>\n<strong>NIPC:<\/strong> 960599105<br \/>\n<strong>Morada de representa\u00e7\u00e4o em Portugal:<\/strong> NAVE TROPS. PARQUE EMPRESARIAL DE TAVIRA<br \/>\n<strong>C\u00f3digo Postal:<\/strong> 8800-360<br \/>\n<strong>Distrito:<\/strong> Faro<br \/>\n<strong>Concelho:<\/strong> Tavira<br \/>\n<strong>Freguesia<\/strong>: Tavira (Santa Maria e Santiago)<br \/>\n<strong>Correo electr\u00f3nico:<\/strong> tavira@trops.pt<\/p>\n<p><strong>OBJETO DEL SITIO WEB<\/strong><\/p>\n<p>El presente sitio web, creado y publicado por \u201cTROPS -SUCURSAL EM PORTUGAL\u201d (en adelante, TROPS) tiene por objeto facilitar al p\u00fablico en general, el conocimiento de las actividades que esta empresa realiza, transmitiendo las solicitudes de compra a los servicios comerciales que nos respaldan y poner a disposici\u00f3n del usuario la informaci\u00f3n relativa a los productos y servicios que se ofrecen en la p\u00e1gina Web: <a href=\"http:\/\/www.trops.pt\">http:\/\/www.trops.pt<\/a> \u00a0(contrataci\u00f3n, caracter\u00edsticas referencias a precios, impuestos aplicables, gastos de env\u00edo, cuando sean de cuenta del Usuario y dem\u00e1s circunstancias concretas), la cual se encuentra contenida en la misma p\u00e1gina en donde dicho producto o servicio se ofrece o por medio de solicitud a trav\u00e9s de los diferentes medios de contacto que encontrar\u00e1 en nuestra secci\u00f3n de Contacto.<\/p>\n<p>&nbsp;<\/p>\n<p><strong>CONDICIONES GENERALES RELATIVAS AL ACCESO Y USO DE LA P\u00c1GINA WEB<\/strong><\/p>\n<p>El presente aviso legal establece las condiciones de uso del sitio web puesto a disposici\u00f3n de los usuarios de Internet por TROPS.<\/p>\n<p>El acceso al sitio web atribuye la condici\u00f3n de usuario e implica la aceptaci\u00f3n plena y sin reservas por parte de este de todas y cada una de las condiciones incluidas en este aviso legal.<\/p>\n<p>El simple acceso a este sitio web no supone entablar ning\u00fan tipo de relaci\u00f3n comercial entre TROPS y el Usuario.<\/p>\n<p>Tanto el acceso a esta Web como el uso que pueda hacerse de la informaci\u00f3n contenida en la misma es de la exclusiva responsabilidad de quien lo realiza. El Usuario ser\u00e1 responsable de todas las acciones que efect\u00fae con su identificador de usuario. En concreto, ser\u00e1 responsable de escoger, como clave y como recordatorio de esta, contrase\u00f1as y frases robustas, esto es, cifras y letras e incluso, en los sistemas que lo permitan, signos de puntuaci\u00f3n y caracteres especiales, dif\u00edciles de adivinar. En especial, el Usuario evitar\u00e1 escoger palabras del diccionario, palabras que est\u00e9n relacionadas con \u00e9l mismo (nombre de familiar, domicilio, fecha de nacimiento, etc.) o sencillas de adivinar (combinaciones de nombres con meses, prefijos y sufijos, etc.).<\/p>\n<p>TROPS no responder\u00e1 de ninguna consecuencia, da\u00f1o o perjuicio que pudieran derivarse de dicho acceso o uso de la informaci\u00f3n.<\/p>\n<p>TROPS no asume responsabilidad alguna derivada de la conexi\u00f3n o contenidos de los enlaces de terceros a los que se hace referencia en la Web.<\/p>\n<p>TROPS no se hace responsable de los posibles errores de seguridad que se puedan producir ni de los posibles da\u00f1os que puedan causarse al sistema inform\u00e1tico del Usuario (hardware y software), los ficheros o documentos almacenados en el mismo, como consecuencia de la presencia de virus en el ordenador del Usuario utilizado para la conexi\u00f3n a los servicios y contenidos de la Web, de un mal funcionamiento del navegador o del uso de versiones no actualizadas del mismo.<\/p>\n<p>El contenido de este aviso legal puede ser modificado debido a cambios internos, legislativos o jurisprudenciales, por lo tanto, la aceptaci\u00f3n del usuario se har\u00e1 de acuerdo con la versi\u00f3n de la notificaci\u00f3n legal publicada por TROPS en el momento en que el usuario acceda al sitio web. Cada vez que el usuario accede al sitio web deber\u00e1 leer el presente Aviso Legal cuidadosamente.<\/p>\n<p>La utilizaci\u00f3n de ciertos servicios ofrecidos por el sitio web podr\u00eda estar sujeta a condiciones especiales que, en algunas ocasiones, sustituyen, completan y\/o modifican el presente Aviso Legal. El acceso a estos servicios implicar\u00e1 la aceptaci\u00f3n de las condiciones especiales establecidas.<\/p>\n<p>El acceso a <a href=\"http:\/\/www.trops.pt\">http:\/\/www.trops.pt<\/a> tiene car\u00e1cter gratuito, por lo que TROPS no se responsabiliza de las consecuencias, da\u00f1os o perjuicios que se deriven del acceso a su web, o del uso que se haga de la informaci\u00f3n que contiene. Los usuarios menores de edad deben obtener previamente permiso de sus padres, tutor o representante legal antes de acceder a la informaci\u00f3n contenida en el sitio web y hacer uso de los servicios ofrecidos.<\/p>\n<p>&nbsp;<\/p>\n<p><strong>PROPIEDAD INTELECTUAL<\/strong><\/p>\n<p>El Usuario se compromete a utilizar las herramientas y\/o servicios en los sitios: <a href=\"http:\/\/www.trops.pt\">http:\/\/www.trops.pt<\/a> de conformidad con la ley, el presente aviso legal, las condiciones particulares publicadas para ciertos servicios y todos los dem\u00e1s avisos e instrucciones, incluidos los principios morales y las costumbres de orden p\u00fablico en general.<\/p>\n<p>Los derechos de propiedad intelectual de la Web, su c\u00f3digo fuente, dise\u00f1o, estructura de navegaci\u00f3n, bases de datos y los distintos elementos en ella contenidos son titularidad de TROPS, correspondi\u00e9ndonos el ejercicio exclusivo de los derechos de explotaci\u00f3n de estos en cualquier forma y en especial, los derechos de reproducci\u00f3n, distribuci\u00f3n, comunicaci\u00f3n p\u00fablica, puesta a disposici\u00f3n y transformaci\u00f3n.<\/p>\n<p>Todas las marcas, logotipos, nombres comerciales, signos distintivos, servicios, contenidos, v\u00eddeos, textos, fotograf\u00edas, gr\u00e1ficos, im\u00e1genes, software, links e informaciones de cualquier clase que aparecen en este sitio web constituyen una obra cuya propiedad ostentan TROPS o terceros titulares de estos, que han autorizado debidamente su inclusi\u00f3n en la Web.<\/p>\n<p>El Usuario no podr\u00e1 reproducir, copiar, distribuir, comunicar p\u00fablicamente, o modificar los contenidos de esta p\u00e1gina web, incluyendo marcas, nombres comerciales o signos distintivos, a menos que tenga la autorizaci\u00f3n del titular de los derechos. o de su representante legal. Excepcionalmente se autoriza al Usuario, la reproducci\u00f3n parcial del contenido de la Web, s\u00f3lo y exclusivamente, si concurren todas las siguientes condiciones:<\/p>\n<ol>\n<li>Que sea compatible con los fines de la Web.<\/li>\n<li>Que se realice con el s\u00f3lo objetivo y \u00e1nimo de obtener la informaci\u00f3n contenida para uso personal y privado, quedando absolutamente excluido cualquier prop\u00f3sito o uso comercial o para su distribuci\u00f3n, comunicaci\u00f3n p\u00fablica, transformaci\u00f3n o descompilaci\u00f3n.<\/li>\n<li>Que ninguno de los contenidos, documentos o gr\u00e1ficos relacionados en esta Web sea modificados de ninguna manera.<\/li>\n<li>Que ning\u00fan gr\u00e1fico, icono o imagen disponible en esta Web sea utilizado, copiado o distribuido, separadamente, del texto o resto de im\u00e1genes que lo acompa\u00f1an.<\/li>\n<\/ol>\n<p>Cualquier otro uso habr\u00e1 de ser comunicado y autorizado, previa y expresamente.<\/p>\n<p>El Usuario se compromete a hacer uso de los servicios y utilidades que ofrece TROPS de conformidad con las leyes, la buena fe, el orden p\u00fablico, los usos del tr\u00e1fico y este Aviso Legal.\u00a0El usuario responder\u00e1 ante TROPS o frente a terceros, de cualesquiera incumplimientos se produjeran como consecuencia de lo anterior.<\/p>\n<p>&nbsp;<\/p>\n<p><strong>LEY APLICABLE Y COMPETENCIA<\/strong><\/p>\n<p>Los t\u00e9rminos y condiciones que rigen este sitio web, as\u00ed como las relaciones que pudieran derivarse est\u00e1n protegidas y quedan sujetas a la legislaci\u00f3n portuguesa. Para la resoluci\u00f3n de cualquier tipo de controversia, litigio o discrepancia que pudiera suscitarse entre el Usuario y TROPS por el uso del sitio web <a href=\"http:\/\/www.trops.pt\">http:\/\/www.trops.pt<\/a> las partes acuerdan el sometimiento a los Juzgados y Tribunales que por ley les corresponda.<\/p>\n<p>[\/vc_column_text][\/vc_column][\/vc_row]<\/p>\n","protected":false},"excerpt":{"rendered":"<p>[vc_row][vc_column][vc_column_text] Aviso legal AVISO LEGAL De acuerdo con la Directiva Europea 2009\/136\/CE que afecta al uso de cookies y correos comerciales, todos nuestros clientes, usuarios y visitantes son informados de la informaci\u00f3n legal relativa a la empresa propietaria del sitio&#8230;<\/p>\n","protected":false},"author":1,"featured_media":0,"parent":0,"menu_order":0,"comment_status":"closed","ping_status":"closed","template":"","meta":{"footnotes":""},"class_list":["post-1307","page","type-page","status-publish","hentry"],"_links":{"self":[{"href":"https:\/\/www.trops.pt\/es\/wp-json\/wp\/v2\/pages\/1307","targetHints":{"allow":["GET"]}}],"collection":[{"href":"https:\/\/www.trops.pt\/es\/wp-json\/wp\/v2\/pages"}],"about":[{"href":"https:\/\/www.trops.pt\/es\/wp-json\/wp\/v2\/types\/page"}],"author":[{"embeddable":true,"href":"https:\/\/www.trops.pt\/es\/wp-json\/wp\/v2\/users\/1"}],"replies":[{"embeddable":true,"href":"https:\/\/www.trops.pt\/es\/wp-json\/wp\/v2\/comments?post=1307"}],"version-history":[{"count":1,"href":"https:\/\/www.trops.pt\/es\/wp-json\/wp\/v2\/pages\/1307\/revisions"}],"predecessor-version":[{"id":1470,"href":"https:\/\/www.trops.pt\/es\/wp-json\/wp\/v2\/pages\/1307\/revisions\/1470"}],"wp:attachment":[{"href":"https:\/\/www.trops.pt\/es\/wp-json\/wp\/v2\/media?parent=1307"}],"curies":[{"name":"wp","href":"https:\/\/api.w.org\/{rel}","templated":true}]}}