{"id":18,"date":"2018-08-14T11:40:26","date_gmt":"2018-08-14T11:40:26","guid":{"rendered":"http:\/\/www.trops.pt\/?page_id=18"},"modified":"2019-08-22T10:26:49","modified_gmt":"2019-08-22T10:26:49","slug":"avocados","status":"publish","type":"page","link":"https:\/\/www.trops.pt\/es\/products\/avocados\/","title":{"rendered":"Avocados"},"content":{"rendered":"<p>[vc_row remove_padding=\u00bbno-padding-vc-row\u00bb bg_type=\u00bbimage\u00bb parallax_style=\u00bbvcpb-vz-jquery\u00bb bg_image_new=\u00bbid^1079|url^http:\/\/www.trops.pt\/wp-content\/uploads\/2018\/12\/bk-1.jpg|caption^null|alt^null|title^bk-1|description^null\u00bb bg_image_repeat=\u00bbno-repeat\u00bb bg_override=\u00bbfull\u00bb kswr_row_top_decor_enabled=\u00bbfalse\u00bb kswr_row_bottom_decor_enabled=\u00bbfalse\u00bb css=\u00bb.vc_custom_1545929205489{padding-top: 150px !important;}\u00bb][vc_column width=\u00bb5\/12&#8243; el_class=\u00bbgris\u00bb][vc_column_text]<\/p>\n<h2><span style=\"color: #ff0000;\"><em>Aguacates TROPS<\/em><\/span><\/h2>\n<h3>Los m\u00e1s mimados del mercado<\/h3>\n<p><span style=\"font-weight: 400;\">En TROPS somos expertos en frutas tropicales y sabemos la importancia del cuidado de cada fase de la vida del aguacate.<\/span><\/p>\n<p><span style=\"font-weight: 400;\">Nuestra exigencia y compromiso con la calidad nos llev\u00f3 a integrar dentro de la compa\u00f1\u00eda todo el proceso y as\u00ed poder garantizar la calidad premium de nuestros aguacates.<\/span><\/p>\n<p><span style=\"font-weight: 400;\">En TROPS controlamos: <\/span><\/p>\n<ul>\n<li style=\"font-weight: 400;\"><span style=\"font-weight: 400;\">La producci\u00f3n.<\/span><\/li>\n<li style=\"font-weight: 400;\"><span style=\"font-weight: 400;\">Abonado.<\/span><\/li>\n<li style=\"font-weight: 400;\"><span style=\"font-weight: 400;\">Riego.<\/span><\/li>\n<li style=\"font-weight: 400;\"><span style=\"font-weight: 400;\">Recolecci\u00f3n.<\/span><\/li>\n<li style=\"font-weight: 400;\"><span style=\"font-weight: 400;\">Control de calidad.<\/span><\/li>\n<li style=\"font-weight: 400;\"><span style=\"font-weight: 400;\">Selecci\u00f3n.<\/span><\/li>\n<li style=\"font-weight: 400;\"><span style=\"font-weight: 400;\">Envasado.<\/span><\/li>\n<li style=\"font-weight: 400;\"><span style=\"font-weight: 400;\">Comercializaci\u00f3n.<\/span><\/li>\n<li style=\"font-weight: 400;\"><span style=\"font-weight: 400;\">Distribuci\u00f3n.<\/span><\/li>\n<li style=\"font-weight: 400;\"><span style=\"font-weight: 400;\">Grado de satisfacci\u00f3n del cliente.<\/span><\/li>\n<\/ul>\n<p><span style=\"font-weight: 400;\">Esta gesti\u00f3n 360\u00ba del aguacate nos permite ofrecer al mercado un producto de alta calidad y listo para el consumo.<\/span>[\/vc_column_text][\/vc_column][vc_column width=\u00bb7\/12&#8243;][\/vc_column][\/vc_row][vc_row full_width=\u00bbstretch_row_content_no_spaces\u00bb equal_height=\u00bbyes\u00bb content_placement=\u00bbmiddle\u00bb parallax=\u00bbcontent-moving-fade\u00bb remove_padding=\u00bbno-padding-vc-row\u00bb bg_type=\u00bbbg_color\u00bb bg_override=\u00bbfull\u00bb bg_color_value=\u00bb#ffffff\u00bb kswr_row_top_decor_enabled=\u00bbfalse\u00bb kswr_row_bottom_decor_enabled=\u00bbfalse\u00bb][vc_column parallax=\u00bbcontent-moving\u00bb parallax_speed_bg=\u00bb3&#8243; css_animation=\u00bbfadeIn\u00bb width=\u00bb6\/12&#8243; kswr_mresponsive=\u00bbkswr_rm_mleft\u00bb kswr_column_minheight_enable=\u00bbon\u00bb css=\u00bb.vc_custom_1557500246631{background-image: url(http:\/\/www.trops.pt\/wp-content\/uploads\/2019\/05\/a-10.png?id=1267) !important;background-position: center !important;background-repeat: no-repeat !important;background-size: cover !important;}\u00bb kswr_column_minheight=\u00bb350&#8243; el_class=\u00bbdifuminer\u00bb][vc_single_image image=\u00bb1282&#8243; img_size=\u00bbfull\u00bb el_class=\u00bbdesaparece\u00bb][\/vc_column][vc_column width=\u00bb4\/12&#8243; css=\u00bb.vc_custom_1541498319978{padding-left: 20px !important;}\u00bb][vc_column_text]<\/p>\n<h2><span style=\"color: #ff0000;\">Producci\u00f3n<\/span><\/h2>\n<p><span style=\"font-weight: 400;\">La principal variedad que producimos es el aguacate HASS y nuestra zona de producci\u00f3n abarca desde la costa de Valencia hasta el Algarve portugu\u00e9s, siendo la zona de mayor producci\u00f3n la comarca de la Axarqu\u00eda (M\u00e1laga) y la costa tropical de Granada.<\/span><\/p>\n<p><span style=\"font-weight: 400;\">Ampliamos nuestra producci\u00f3n hasta Am\u00e9rica del Sur (Per\u00fa y Chile), lo que nos permite realizar una oferta completa al mercado los 12 meses del a\u00f1o y con la mejor garant\u00eda de calidad.<\/span><\/p>\n<p><span style=\"font-weight: 400;\">El proceso de recolecci\u00f3n es manual y se realiza cuando el fruto est\u00e1 en el momento \u00f3ptimo para su consumo, para ello controlamos que el nivel de materia seca sea el adecuado para garantizar una maduraci\u00f3n homog\u00e9nea y satisfactoria de cada fruto.<\/span>[\/vc_column_text][\/vc_column][vc_column width=\u00bb2\/12&#8243; offset=\u00bbvc_hidden-sm vc_hidden-xs\u00bb el_class=\u00bbno-respo\u00bb][\/vc_column][\/vc_row][vc_row full_width=\u00bbstretch_row\u00bb equal_height=\u00bbyes\u00bb content_placement=\u00bbmiddle\u00bb parallax=\u00bbcontent-moving\u00bb remove_padding=\u00bbno-padding-vc-row\u00bb bg_type=\u00bbimage\u00bb parallax_style=\u00bbvcpb-vz-jquery\u00bb bg_image_new=\u00bbid^670|url^http:\/\/www.trops.pt\/wp-content\/uploads\/2018\/11\/bk-2.jpg|caption^null|alt^null|title^bk|description^null\u00bb bg_image_repeat=\u00bbno-repeat\u00bb bg_override=\u00bbfull\u00bb kswr_row_top_decor_enabled=\u00bbfalse\u00bb kswr_row_bottom_decor_enabled=\u00bbfalse\u00bb][vc_column width=\u00bb1\/2&#8243; el_class=\u00bbgris\u00bb][vc_column_text]<\/p>\n<h2><span style=\"color: #ff0000;\">Listos para comer<\/span><\/h2>\n<h3>Siempre en su punto de maduraci\u00f3n<\/h3>\n<p>&nbsp;<\/p>\n<h3><span style=\"color: #000000;\">CALIDAD Y MADURACI\u00d3N<\/span><\/h3>\n<p><span style=\"font-weight: 400;\">Tras la recolecci\u00f3n los aguacates pasan por un exhaustivo proceso de calidad donde son calibrados y catalogados en funci\u00f3n de su peso, morfolog\u00eda y calidad.<\/span><\/p>\n<p><span style=\"font-weight: 400;\">Posteriormente, controlamos su maduraci\u00f3n con la \u00faltima tecnolog\u00eda de visi\u00f3n<\/span><span style=\"font-weight: 400;\">\u00a0artificial para garantizar que lleguen al consumidor en su punto \u00f3ptimo para ser consumidos.<\/span>[\/vc_column_text][\/vc_column][vc_column width=\u00bb1\/2&#8243;][\/vc_column][\/vc_row][vc_row full_width=\u00bbstretch_row\u00bb equal_height=\u00bbyes\u00bb content_placement=\u00bbmiddle\u00bb remove_padding=\u00bbno-padding-vc-row\u00bb bg_type=\u00bbimage\u00bb parallax_style=\u00bbvcpb-default\u00bb bg_image_new=\u00bbid^674|url^http:\/\/www.trops.pt\/wp-content\/uploads\/2018\/11\/bk-3.jpg|caption^null|alt^null|title^bk|description^null\u00bb bg_image_repeat=\u00bbno-repeat\u00bb bg_image_size=\u00bbinitial\u00bb bg_image_posiiton=\u00bb100% 100%\u00bb bg_override=\u00bbfull\u00bb kswr_row_top_decor_enabled=\u00bbfalse\u00bb kswr_row_bottom_decor_enabled=\u00bbfalse\u00bb css=\u00bb.vc_custom_1541592650449{margin-top: 0px !important;margin-right: 0px !important;margin-bottom: 0px !important;margin-left: 0px !important;padding-top: 0px !important;padding-right: 0px !important;padding-bottom: 0px !important;padding-left: 0px !important;background-color: #ffffff !important;}\u00bb][vc_column width=\u00bb1\/2&#8243; css=\u00bb.vc_custom_1541592538563{padding-right: 40px !important;background-color: #ffffff !important;}\u00bb][vc_column_text]<\/p>\n<h2><span style=\"color: #ff0000;\"><em>Consumo <strong>Todo el a\u00f1o<\/strong><\/em><\/span><\/h2>\n<h3>COMERCIALIZACI\u00d3N<\/h3>\n<p><span style=\"font-weight: 400;\">En TROPS abastecemos el mercado los 12 meses del a\u00f1o adaptando la oferta a las necesidades de cada uno de nuestros clientes.<\/span><\/p>\n<h3>CALENDARIO DE PRODUCCI\u00d3N<\/h3>\n<p><span style=\"font-weight: 400;\">La variedad m\u00e1s demandada es el aguacate HASS, pero existen otras variedades muy ricas e interesantes. A continuaci\u00f3n mostramos un calendario de producci\u00f3n y consumo:<\/span>[\/vc_column_text][vc_single_image image=\u00bb1155&#8243; img_size=\u00bbfull\u00bb css_animation=\u00bbfadeInLeft\u00bb][\/vc_column][vc_column width=\u00bb1\/2&#8243; offset=\u00bbvc_hidden-sm vc_hidden-xs\u00bb el_class=\u00bbno-respo\u00bb css=\u00bb.vc_custom_1541592374443{background-position: center !important;background-repeat: no-repeat !important;background-size: contain !important;}\u00bb][\/vc_column][\/vc_row][vc_row content_placement=\u00bbmiddle\u00bb color_style=\u00bblight\u00bb remove_padding=\u00bbno-padding-vc-row\u00bb bg_type=\u00bbimage\u00bb parallax_style=\u00bbvcpb-vz-jquery\u00bb bg_image_new=\u00bbid^694|url^http:\/\/www.trops.pt\/wp-content\/uploads\/2018\/11\/bk-4.jpg|caption^null|alt^null|title^bk|description^null\u00bb bg_override=\u00bbfull\u00bb kswr_row_top_decor_enabled=\u00bbfalse\u00bb kswr_row_bottom_decor_enabled=\u00bbfalse\u00bb][vc_column][vc_column_text]<\/p>\n<h2 style=\"text-align: center;\"><em><strong>Variedades<\/strong> de aguacate<\/em><\/h2>\n<p>[\/vc_column_text]<div id=\"ult-carousel-354322208669f0cc7d310b8\" class=\"ult-carousel-wrapper   ult_horizontal\" data-gutter=\"15\" data-rtl=\"false\" ><div class=\"ult-carousel-264705890169f0cc7d30f46 \" >[vc_row_inner el_id=\u00bbaguacate-hass\u00bb][vc_column_inner kswr_column_minheight_enable=\u00bbon\u00bb css=\u00bb.vc_custom_1549457258596{background-image: url(http:\/\/www.trops.pt\/wp-content\/uploads\/2019\/02\/1.png?id=1132) !important;background-position: center !important;background-repeat: no-repeat !important;background-size: contain !important;}\u00bb kswr_column_minheight=\u00bb591&#8243;][vc_column_text el_class=\u00bbetiquetexto\u00bb]De forma ovalada, es la variedad m\u00e1s rica en sabor y cuenta con una mayor proporci\u00f3n de pulpa. Su piel es dura, rugosa y cambia de color verde a p\u00farpura cu\u00e1ndo est\u00e1 listo para comer.[\/vc_column_text][\/vc_column_inner][\/vc_row_inner][vc_row_inner el_id=\u00bbaguacate-fuerte\u00bb][vc_column_inner kswr_column_minheight_enable=\u00bbon\u00bb css=\u00bb.vc_custom_1541519709455{background-image: url(http:\/\/www.trops.pt\/wp-content\/uploads\/2018\/11\/1-1.png?id=710) !important;background-position: center !important;background-repeat: no-repeat !important;background-size: contain !important;}\u00bb kswr_column_minheight=\u00bb591&#8243;][vc_column_text el_class=\u00bbetiquetexto\u00bb]Su forma es similar a una pera y su piel es fina y lisa. Es de color verde claro, y no cambia de color durante la maduraci\u00f3n. Es f\u00e1cil de pelar y su pulpa es sabrosa.[\/vc_column_text][\/vc_column_inner][\/vc_row_inner][vc_row_inner el_id=\u00bbaguacate-cocktail\u00bb][vc_column_inner kswr_column_minheight_enable=\u00bbon\u00bb css=\u00bb.vc_custom_1541519737879{background-image: url(http:\/\/www.trops.pt\/wp-content\/uploads\/2018\/11\/1-6.png?id=717) !important;background-position: center !important;background-repeat: no-repeat !important;background-size: contain !important;}\u00bb kswr_column_minheight=\u00bb591&#8243;][vc_column_text el_class=\u00bbetiquetexto\u00bb]<\/p>\n<p align=\"justify\">Es el \u00fanico que no tiene hueso, de peque\u00f1o tama\u00f1o y un sabor fino y delicado, con pulpa del color de la mantequilla. Se da \u00fanicamente en los \u00e1rboles de la variedad \u2018Fuerte\u2019.<\/p>\n<p>[\/vc_column_text][\/vc_column_inner][\/vc_row_inner][vc_row_inner el_id=\u00bbaguacate-bacon\u00bb][vc_column_inner kswr_column_minheight_enable=\u00bbon\u00bb css=\u00bb.vc_custom_1541519722998{background-image: url(http:\/\/www.trops.pt\/wp-content\/uploads\/2018\/11\/1-4.png?id=715) !important;background-position: center !important;background-repeat: no-repeat !important;background-size: contain !important;}\u00bb kswr_column_minheight=\u00bb591&#8243;][vc_column_text el_class=\u00bbetiquetexto\u00bb]<\/p>\n<p align=\"justify\">De forma ovalada y color verde oscuro, su piel es lisa y tersa. Contiene menos grasa que el resto y menor proporci\u00f3n de pulpa.<\/p>\n<p>[\/vc_column_text][\/vc_column_inner][\/vc_row_inner][vc_row_inner el_id=\u00bbaguacate-reed\u00bb][vc_column_inner kswr_column_minheight_enable=\u00bbon\u00bb css=\u00bb.vc_custom_1541519730935{background-image: url(http:\/\/www.trops.pt\/wp-content\/uploads\/2018\/11\/1-5.png?id=716) !important;background-position: center !important;background-repeat: no-repeat !important;background-size: contain !important;}\u00bb kswr_column_minheight=\u00bb591&#8243;][vc_column_text el_class=\u00bbetiquetexto\u00bb]<\/p>\n<p align=\"justify\">Su forma redondeada lo hace f\u00e1cil de reconocer. De color verde oscuro y con la piel \u00e1spera, su pulpa es de textura cremosa y rica en sabor.<\/p>\n<p>[\/vc_column_text][\/vc_column_inner][\/vc_row_inner][vc_row_inner el_id=\u00bbaguacate-pinkerton\u00bb][vc_column_inner kswr_column_minheight_enable=\u00bbon\u00bb css=\u00bb.vc_custom_1541519701779{background-image: url(http:\/\/www.trops.pt\/wp-content\/uploads\/2018\/11\/1-2.png?id=711) !important;background-position: center !important;background-repeat: no-repeat !important;background-size: contain !important;}\u00bb kswr_column_minheight=\u00bb591&#8243;][vc_column_text el_class=\u00bbetiquetexto\u00bb]<\/p>\n<p align=\"justify\">Una de las caracter\u00edsticas que lo distinguen es que es muy f\u00e1cil de pelar. Su forma es similar a una pera y su piel es lisa y gruesa. Es de color verde oscuro, y no cambia de color durante la maduraci\u00f3n.<\/p>\n<p>[\/vc_column_text][\/vc_column_inner][\/vc_row_inner]<\/div><\/div>\t\t\t<script type=\"text\/javascript\">\n\t\t\t\tjQuery(document).ready(function ($) {\n\t\t\t\t\tif( typeof jQuery('.ult-carousel-264705890169f0cc7d30f46').slick == \"function\"){\n\t\t\t\t\t\t$('.ult-carousel-264705890169f0cc7d30f46').slick({dots: false,autoplaySpeed: 5000,speed: 300,infinite: false,arrows: false,slidesToScroll:3,slidesToShow:3,swipe: false,draggable: false,touchMove: true,pauseOnHover: true,pauseOnFocus: false,adaptiveHeight: true,responsive: [\n\t\t\t\t\t\t\t{\n\t\t\t\t\t\t\t  breakpoint: 1026,\n\t\t\t\t\t\t\t  settings: {\n\t\t\t\t\t\t\t\tslidesToShow: 3,\n\t\t\t\t\t\t\t\tslidesToScroll: 3,  \n\t\t\t\t\t\t\t  }\n\t\t\t\t\t\t\t},\n\t\t\t\t\t\t\t{\n\t\t\t\t\t\t\t  breakpoint: 1025,\n\t\t\t\t\t\t\t  settings: {\n\t\t\t\t\t\t\t\tslidesToShow: 1,\n\t\t\t\t\t\t\t\tslidesToScroll: 1\n\t\t\t\t\t\t\t  }\n\t\t\t\t\t\t\t},\n\t\t\t\t\t\t\t{\n\t\t\t\t\t\t\t  breakpoint: 760,\n\t\t\t\t\t\t\t  settings: {\n\t\t\t\t\t\t\t\tslidesToShow: 1,\n\t\t\t\t\t\t\t\tslidesToScroll: 1\n\t\t\t\t\t\t\t  }\n\t\t\t\t\t\t\t}\n\t\t\t\t\t\t],pauseOnDotsHover: true,customPaging: function(slider, i) {\n                   return '<i type=\"button\" style= \"color:#333333;\" class=\"ultsl-record\" data-role=\"none\"><\/i>';\n                },});\n\t\t\t\t\t}\n\t\t\t\t});\n\t\t\t<\/script>\n\t\t\t[vc_row_inner][vc_column_inner css=\u00bb.vc_custom_1554984260190{padding-bottom: 32px !important;}\u00bb]<div class=\"pix_button button-center\"><a href=\"#\"  class=\"clear btn ver-mas-verde otros-aguacates btn-outline btn-hover-outline btn-rectangle  btn-md white btn-hover-white\">Otros<\/a><\/div>[\/vc_column_inner][\/vc_row_inner][\/vc_column][\/vc_row][vc_row full_width=\u00bbstretch_row_content\u00bb equal_height=\u00bbyes\u00bb remove_padding=\u00bbno-padding-vc-row\u00bb kswr_row_top_decor_enabled=\u00bbfalse\u00bb kswr_row_bottom_decor_enabled=\u00bbfalse\u00bb][vc_column width=\u00bb2\/3&#8243; css=\u00bb.vc_custom_1542367117851{padding-left: 100px !important;background-color: #ffffff !important;}\u00bb el_id=\u00bbsuperaguacate\u00bb el_class=\u00bbsuperaguacate\u00bb][vc_column_text css=\u00bb.vc_custom_1554984372319{padding-bottom: 40px !important;}\u00bb]<\/p>\n<h2><span style=\"color: #ff0000;\">C\u00f3mo consumirlo<br \/>\n<\/span><\/h2>\n<p><span style=\"font-weight: 400;\">\u201cPara <\/span><b>consumir AHORA<\/b><span style=\"font-weight: 400;\">\u201d<\/span><\/p>\n<p><span style=\"font-weight: 400;\">Selecciona una fruta que ceda ante una suave presi\u00f3n.<\/span><\/p>\n<p><span style=\"font-weight: 400;\">Para acelerar el proceso de maduraci\u00f3n puede colocar el aguacate junto a otro tipo de frutas, como una manzana, o colocarlos en una bolsa de papel y dejarlos a temperatura ambiente hasta que est\u00e9 lista para consumir.<\/span><\/p>\n<p><span style=\"font-weight: 400;\">Para evitar la oxidaci\u00f3n y decoloraci\u00f3n de la fruta una vez pelada, solo hay que rociar la superficie con un poco de jugo de lim\u00f3n, siendo conveniente dejar el hueso en contacto con la pulpa. Los aguacates no se deben conservar en el frigor\u00edfico, la mejor forma de conservarlos es mantenerlos a temperatura ambiente.<\/span><\/p>\n<p><span style=\"font-weight: 400;\">En el siguiente v\u00eddeo podr\u00e1s observar c\u00f3mo cortar y aprovechar un aguacate al 100%.<\/span>[\/vc_column_text][\/vc_column][vc_column width=\u00bb1\/3&#8243;][vc_video link=\u00bbhttps:\/\/youtu.be\/uOm01yl8GxU\u00bb el_width=\u00bb80&#8243; align=\u00bbcenter\u00bb][\/vc_column][\/vc_row][vc_row bg_type=\u00bbgrad\u00bb bg_override=\u00bbfull\u00bb bg_grad=\u00bbbackground: -webkit-gradient(linear, left top, left bottom, color-stop(0%, #96AE29), color-stop(74%, #7A9321), color-stop(100%, #799121));background: -moz-linear-gradient(left,#96AE29 0%,#7A9321 74%,#799121 100%);background: -webkit-linear-gradient(left,#96AE29 0%,#7A9321 74%,#799121 100%);background: -o-linear-gradient(left,#96AE29 0%,#7A9321 74%,#799121 100%);background: -ms-linear-gradient(left,#96AE29 0%,#7A9321 74%,#799121 100%);background: linear-gradient(left,#96AE29 0%,#7A9321 74%,#799121 100%);\u00bb css=\u00bb.vc_custom_1534256775776{padding-top: 32px !important;padding-bottom: 42px !important;}\u00bb][vc_column width=\u00bb2\/3&#8243; css=\u00bb.vc_custom_1534415018937{margin-top: 0px !important;border-top-width: 0px !important;padding-top: 0px !important;padding-left: 50px !important;}\u00bb el_class=\u00bbunete-trops\u00bb][vc_column_text]<\/p>\n<h4 style=\"font-size: 2.6em; font-weight: 100; line-height: 53px; color: white;\">\u00danete a TROPS, la principal productora de aguacate y mango de Europa.<\/h4>\n<p class=\"unete-trops\" style=\"color: white; font-size: 15px;\">Inf\u00f3rmate aqu\u00ed sobre las ventajas de ser socio de TROPS<\/p>\n<p>[\/vc_column_text][\/vc_column][vc_column width=\u00bb1\/3&#8243; css=\u00bb.vc_custom_1534256137792{margin-top: 75px !important;border-top-width: 0px !important;padding-top: 0px !important;}\u00bb]<div class=\"pix_button button-center\"><a href=\"http:\/\/www.trops.pt\/es\/work-with-us\/\"  class=\"clear btn ver-mas-verde btn-outline btn-hover-outline btn-rectangle  btn-back btn-md white btn-hover-white\">SABER M\u00c1S <span class=\"btn-icon pixicon-arrow-angle-double-right\"><\/span><\/a><\/div>[\/vc_column][\/vc_row][vc_row el_id=\u00bbscript-otros-aguacates\u00bb kswr_row_top_decor_enabled=\u00bbfalse\u00bb kswr_row_bottom_decor_enabled=\u00bbfalse\u00bb][vc_column][vc_raw_js]JTNDc2NyaXB0JTIwdHlwZSUzRCUyMnRleHQlMkZqYXZhc2NyaXB0JTIyJTNFJTBBalF1ZXJ5JTI4ZG9jdW1lbnQlMjkucmVhZHklMjhmdW5jdGlvbiUyOCUyOSU3QiUwQWpRdWVyeSUyOCUyNyUyM2FndWFjYXRlLWJhY29uJTI3JTI5LnBhcmVudCUyOCUyOS5jc3MlMjglMjJkaXNwbGF5JTIyJTJDJTIybm9uZSUyMiUyOSUzQiUwQWpRdWVyeSUyOCUyNyUyM2FndWFjYXRlLXJlZWQlMjclMjkucGFyZW50JTI4JTI5LmNzcyUyOCUyMmRpc3BsYXklMjIlMkMlMjJub25lJTIyJTI5JTNCJTBBalF1ZXJ5JTI4JTI3JTIzYWd1YWNhdGUtcGlua2VydG9uJTI3JTI5LnBhcmVudCUyOCUyOS5jc3MlMjglMjJkaXNwbGF5JTIyJTJDJTIybm9uZSUyMiUyOSUzQiUwQSUyMCUyMGpRdWVyeSUyOCUyMi5vdHJvcy1hZ3VhY2F0ZXMlMjIlMjkuY2xpY2slMjhmdW5jdGlvbiUyOGUlMjklN0IlMEElMjAlMjAlMjAlMjBlLnByZXZlbnREZWZhdWx0JTI4JTI5JTNCJTBBY29uc29sZS5sb2clMjglMjJjbGljayUyMiUyOSUzQiUwQSUwQWlmJTI4alF1ZXJ5JTI4JTI3JTIzYWd1YWNhdGUtaGFzcyUyNyUyOS5wYXJlbnQlMjglMjkuY3NzJTI4JTIyZGlzcGxheSUyMiUyOSUzRCUzRCUyMmJsb2NrJTIyJTI5JTdCJTBBJTIwJTIwJTIwJTIwalF1ZXJ5JTI4JTI3JTIzYWd1YWNhdGUtaGFzcyUyNyUyOS5wYXJlbnQlMjglMjkuY3NzJTI4JTIyZGlzcGxheSUyMiUyQyUyMm5vbmUlMjIlMjklM0IlMEElN0QlMjBlbHNlJTdCJTBBJTIwJTIwJTIwJTIwalF1ZXJ5JTI4JTI3JTIzYWd1YWNhdGUtaGFzcyUyNyUyOS5wYXJlbnQlMjglMjkuY3NzJTI4JTIyZGlzcGxheSUyMiUyQyUyMmJsb2NrJTIyJTI5JTNCJTBBJTdEJTBBJTBBaWYlMjhqUXVlcnklMjglMjclMjNhZ3VhY2F0ZS1mdWVydGUlMjclMjkucGFyZW50JTI4JTI5LmNzcyUyOCUyMmRpc3BsYXklMjIlMjklM0QlM0QlMjJibG9jayUyMiUyOSU3QiUwQSUyMCUyMCUyMCUyMGpRdWVyeSUyOCUyNyUyM2FndWFjYXRlLWZ1ZXJ0ZSUyNyUyOS5wYXJlbnQlMjglMjkuY3NzJTI4JTIyZGlzcGxheSUyMiUyQyUyMm5vbmUlMjIlMjklM0IlMjAlMjAlMjAlMjAlMjAlMEElN0QlMjBlbHNlJTdCJTBBJTIwJTIwJTIwJTIwalF1ZXJ5JTI4JTI3JTIzYWd1YWNhdGUtZnVlcnRlJTI3JTI5LnBhcmVudCUyOCUyOS5jc3MlMjglMjJkaXNwbGF5JTIyJTJDJTIyYmxvY2slMjIlMjklM0IlMEElN0QlMEElMEFpZiUyOGpRdWVyeSUyOCUyNyUyM2FndWFjYXRlLWNvY2t0YWlsJTI3JTI5LnBhcmVudCUyOCUyOS5jc3MlMjglMjJkaXNwbGF5JTIyJTI5JTNEJTNEJTIyYmxvY2slMjIlMjklN0IlMEElMjAlMjAlMjAlMjBqUXVlcnklMjglMjclMjNhZ3VhY2F0ZS1jb2NrdGFpbCUyNyUyOS5wYXJlbnQlMjglMjkuY3NzJTI4JTIyZGlzcGxheSUyMiUyQyUyMm5vbmUlMjIlMjklM0IlMjAlMjAlMjAlMjAlMjAlMEElN0QlMjBlbHNlJTdCJTBBJTIwJTIwJTIwJTIwalF1ZXJ5JTI4JTI3JTIzYWd1YWNhdGUtY29ja3RhaWwlMjclMjkucGFyZW50JTI4JTI5LmNzcyUyOCUyMmRpc3BsYXklMjIlMkMlMjJibG9jayUyMiUyOSUzQiUwQSU3RCUwQSUwQWlmJTI4alF1ZXJ5JTI4JTI3JTIzYWd1YWNhdGUtYmFjb24lMjclMjkucGFyZW50JTI4JTI5LmNzcyUyOCUyMmRpc3BsYXklMjIlMjklM0QlM0QlMjJibG9jayUyMiUyOSU3QiUwQSUyMCUyMCUyMCUyMGpRdWVyeSUyOCUyNyUyM2FndWFjYXRlLWJhY29uJTI3JTI5LnBhcmVudCUyOCUyOS5jc3MlMjglMjJkaXNwbGF5JTIyJTJDJTIybm9uZSUyMiUyOSUzQiUyMCUyMCUyMCUyMCUyMCUwQSU3RCUyMGVsc2UlN0IlMEElMjAlMjAlMjAlMjBqUXVlcnklMjglMjclMjNhZ3VhY2F0ZS1iYWNvbiUyNyUyOS5wYXJlbnQlMjglMjkuY3NzJTI4JTIyZGlzcGxheSUyMiUyQyUyMmJsb2NrJTIyJTI5JTNCJTBBJTdEJTBBJTBBaWYlMjhqUXVlcnklMjglMjclMjNhZ3VhY2F0ZS1yZWVkJTI3JTI5LnBhcmVudCUyOCUyOS5jc3MlMjglMjJkaXNwbGF5JTIyJTI5JTNEJTNEJTIyYmxvY2slMjIlMjklN0IlMEElMjAlMjAlMjAlMjBqUXVlcnklMjglMjclMjNhZ3VhY2F0ZS1yZWVkJTI3JTI5LnBhcmVudCUyOCUyOS5jc3MlMjglMjJkaXNwbGF5JTIyJTJDJTIybm9uZSUyMiUyOSUzQiUyMCUyMCUyMCUyMCUyMCUwQSU3RCUyMGVsc2UlN0IlMEElMjAlMjAlMjAlMjBqUXVlcnklMjglMjclMjNhZ3VhY2F0ZS1yZWVkJTI3JTI5LnBhcmVudCUyOCUyOS5jc3MlMjglMjJkaXNwbGF5JTIyJTJDJTIyYmxvY2slMjIlMjklM0IlMEElN0QlMEElMEFpZiUyOGpRdWVyeSUyOCUyNyUyM2FndWFjYXRlLXBpbmtlcnRvbiUyNyUyOS5wYXJlbnQlMjglMjkuY3NzJTI4JTIyZGlzcGxheSUyMiUyOSUzRCUzRCUyMmJsb2NrJTIyJTI5JTdCJTBBJTIwJTIwJTIwJTIwalF1ZXJ5JTI4JTI3JTIzYWd1YWNhdGUtcGlua2VydG9uJTI3JTI5LnBhcmVudCUyOCUyOS5jc3MlMjglMjJkaXNwbGF5JTIyJTJDJTIybm9uZSUyMiUyOSUzQiUyMCUyMCUyMCUyMCUyMCUwQSU3RCUyMGVsc2UlN0IlMEElMjAlMjAlMjAlMjBqUXVlcnklMjglMjclMjNhZ3VhY2F0ZS1waW5rZXJ0b24lMjclMjkucGFyZW50JTI4JTI5LmNzcyUyOCUyMmRpc3BsYXklMjIlMkMlMjJibG9jayUyMiUyOSUzQiUwQSU3RCUwQWlmJTI4alF1ZXJ5JTI4JTIyLm90cm9zLWFndWFjYXRlcyUyMiUyOS50ZXh0JTI4JTI5JTNEJTNEJTIyT3Ryb3MlMjIlMjklN0IlMEElMjAlMjAlMjAlMjBqUXVlcnklMjglMjIub3Ryb3MtYWd1YWNhdGVzJTIyJTI5LnRleHQlMjglMjJWb2x2ZXIlMjIlMjklM0IlMEElN0QlMjBlbHNlJTIwaWYlMjhqUXVlcnklMjglMjIub3Ryb3MtYWd1YWNhdGVzJTIyJTI5LnRleHQlMjglMjklM0QlM0QlMjJWb2x2ZXIlMjIlMjklN0IlMEElMjAlMjAlMjAlMjBqUXVlcnklMjglMjIub3Ryb3MtYWd1YWNhdGVzJTIyJTI5LnRleHQlMjglMjJPdHJvcyUyMiUyOSUzQiUwQSU3RCUwQWpRdWVyeSUyOCUyN2h0bWwlMkMlMjBib2R5JTI3JTI5LmFuaW1hdGUlMjglN0IlMEElMjAlMjAlMjAlMjBzY3JvbGxUb3AlM0ElMjAlMjhqUXVlcnklMjglMjcuc2xpY2stdHJhY2slMjclMjkub2Zmc2V0JTI4JTI5LnRvcCUyOSUwQSU3RCUyQzUwMCUyOSUzQiUwQSU3RCUyOSUzQiUwQSU3RCUyOSUzQiUwQSUzQyUyRnNjcmlwdCUzRQ==[\/vc_raw_js][\/vc_column][\/vc_row]<\/p>\n","protected":false},"excerpt":{"rendered":"<p>[vc_row remove_padding=\u00bbno-padding-vc-row\u00bb bg_type=\u00bbimage\u00bb parallax_style=\u00bbvcpb-vz-jquery\u00bb bg_image_new=\u00bbid^1079|url^http:\/\/www.trops.pt\/wp-content\/uploads\/2018\/12\/bk-1.jpg|caption^null|alt^null|title^bk-1|description^null\u00bb bg_image_repeat=\u00bbno-repeat\u00bb bg_override=\u00bbfull\u00bb kswr_row_top_decor_enabled=\u00bbfalse\u00bb kswr_row_bottom_decor_enabled=\u00bbfalse\u00bb css=\u00bb.vc_custom_1545929205489{padding-top: 150px !important;}\u00bb][vc_column width=\u00bb5\/12&#8243; el_class=\u00bbgris\u00bb][vc_column_text] Aguacates TROPS Los m\u00e1s mimados del mercado En TROPS somos expertos en frutas tropicales y sabemos la importancia del cuidado de cada fase de la vida&#8230;<\/p>\n","protected":false},"author":1,"featured_media":0,"parent":10,"menu_order":0,"comment_status":"closed","ping_status":"closed","template":"","meta":{"footnotes":""},"class_list":["post-18","page","type-page","status-publish","hentry"],"_links":{"self":[{"href":"https:\/\/www.trops.pt\/es\/wp-json\/wp\/v2\/pages\/18","targetHints":{"allow":["GET"]}}],"collection":[{"href":"https:\/\/www.trops.pt\/es\/wp-json\/wp\/v2\/pages"}],"about":[{"href":"https:\/\/www.trops.pt\/es\/wp-json\/wp\/v2\/types\/page"}],"author":[{"embeddable":true,"href":"https:\/\/www.trops.pt\/es\/wp-json\/wp\/v2\/users\/1"}],"replies":[{"embeddable":true,"href":"https:\/\/www.trops.pt\/es\/wp-json\/wp\/v2\/comments?post=18"}],"version-history":[{"count":205,"href":"https:\/\/www.trops.pt\/es\/wp-json\/wp\/v2\/pages\/18\/revisions"}],"predecessor-version":[{"id":1534,"href":"https:\/\/www.trops.pt\/es\/wp-json\/wp\/v2\/pages\/18\/revisions\/1534"}],"up":[{"embeddable":true,"href":"https:\/\/www.trops.pt\/es\/wp-json\/wp\/v2\/pages\/10"}],"wp:attachment":[{"href":"https:\/\/www.trops.pt\/es\/wp-json\/wp\/v2\/media?parent=18"}],"curies":[{"name":"wp","href":"https:\/\/api.w.org\/{rel}","templated":true}]}}