{"id":339,"date":"2018-08-17T09:52:30","date_gmt":"2018-08-17T09:52:30","guid":{"rendered":"http:\/\/www.trops.pt\/?page_id=339"},"modified":"2020-09-15T11:08:52","modified_gmt":"2020-09-15T11:08:52","slug":"mango","status":"publish","type":"page","link":"https:\/\/www.trops.pt\/es\/products\/mango\/","title":{"rendered":"Mango"},"content":{"rendered":"<p>[vc_row remove_padding=\u00bbno-padding-vc-row\u00bb bg_type=\u00bbimage\u00bb parallax_style=\u00bbvcpb-vz-jquery\u00bb bg_image_new=\u00bbid^736|url^http:\/\/www.trops.pt\/wp-content\/uploads\/2018\/11\/bk-6.jpg|caption^null|alt^null|title^bk|description^null\u00bb bg_image_repeat=\u00bbno-repeat\u00bb bg_override=\u00bbfull\u00bb kswr_row_top_decor_enabled=\u00bbfalse\u00bb kswr_row_bottom_decor_enabled=\u00bbfalse\u00bb css=\u00bb.vc_custom_1541517533013{padding-top: 150px !important;}\u00bb][vc_column width=\u00bb5\/12&#8243; el_class=\u00bbgris\u00bb][vc_column_text]<\/p>\n<h2><span style=\"color: #ff0000;\"><em>Mangos TROPS<\/em><\/span><\/h2>\n<h3>Los m\u00e1s deliciosos del mercado<\/h3>\n<p>En TROPS sentimos verdadera pasi\u00f3n por las frutas tropicales y por ello sabemos la importancia que tiene el cuidado en cada fase de la vida del mango, desde su cultivo hasta llegar a la mesa de los consumidores.<\/p>\n<p>Nuestro compromiso como empresa por ofrecer al mercado el mejor mango nos llev\u00f3 a integrar dentro de la compa\u00f1\u00eda todo el proceso de la vida del mango: cultivo, control de calidad y maduraci\u00f3n en el \u00e1rbol, recolecci\u00f3n, manipulaci\u00f3n y empaquetado, distribuci\u00f3n y log\u00edstica. S\u00f3lo as\u00ed podemos garantizar la calidad premium de nuestros mangos TROPS.<\/p>\n<p>Esta gesti\u00f3n 360\u00ba del mango nos permite ofrecer al mercado un producto de alta calidad y listo para el consumo.[\/vc_column_text][\/vc_column][vc_column width=\u00bb7\/12&#8243; el_class=\u00bbno-respo\u00bb][\/vc_column][\/vc_row][vc_row full_width=\u00bbstretch_row_content_no_spaces\u00bb equal_height=\u00bbyes\u00bb content_placement=\u00bbtop\u00bb parallax=\u00bbcontent-moving-fade\u00bb remove_padding=\u00bbno-padding-vc-row\u00bb bg_type=\u00bbbg_color\u00bb bg_override=\u00bbfull\u00bb bg_color_value=\u00bb#ffffff\u00bb kswr_row_top_decor_enabled=\u00bbfalse\u00bb kswr_row_bottom_decor_enabled=\u00bbfalse\u00bb][vc_column parallax=\u00bbcontent-moving-fade\u00bb parallax_speed_bg=\u00bb3&#8243; css_animation=\u00bbfadeIn\u00bb width=\u00bb6\/12&#8243; kswr_column_minheight_enable=\u00bbon\u00bb css=\u00bb.vc_custom_1551949184099{background-image: url(http:\/\/www.trops.pt\/wp-content\/uploads\/2019\/03\/a.jpg?id=1159) !important;background-position: center !important;background-repeat: no-repeat !important;background-size: cover !important;}\u00bb kswr_column_minheight=\u00bb350&#8243;][\/vc_column][vc_column width=\u00bb4\/12&#8243; css=\u00bb.vc_custom_1541498319978{padding-left: 20px !important;}\u00bb][vc_column_text]<\/p>\n<h2><span style=\"color: #ff0000;\">Producci\u00f3n<\/span><\/h2>\n<p><span style=\"font-weight: 400;\">La zona de producci\u00f3n de nuestros mangos se concentra en la comarca de la Axarqu\u00eda (M\u00e1laga) y la costa tropical de Granada.<\/span><\/p>\n<p><span style=\"font-weight: 400;\">Las principales variedades que producimos son Osteen, Kent y Keitt, entre otras. \u00a0<\/span><\/p>\n<p><span style=\"font-weight: 400;\">La \u00e9poca de recolecci\u00f3n de nuestros mangos se concentra entre los meses de septiembre a noviembre, seg\u00fan la variedad.<\/span>[\/vc_column_text][\/vc_column][vc_column width=\u00bb2\/12&#8243; el_class=\u00bbno-respo\u00bb][\/vc_column][\/vc_row][vc_row full_width=\u00bbstretch_row\u00bb equal_height=\u00bbyes\u00bb content_placement=\u00bbtop\u00bb parallax=\u00bbcontent-moving\u00bb remove_padding=\u00bbno-padding-vc-row\u00bb bg_type=\u00bbimage\u00bb parallax_style=\u00bbvcpb-vz-jquery\u00bb bg_image_new=\u00bbid^1163|url^http:\/\/www.trops.pt\/wp-content\/uploads\/2019\/03\/bk-7-1.jpg|caption^null|alt^null|title^bk-7|description^null\u00bb bg_image_repeat=\u00bbno-repeat\u00bb kswr_row_top_decor_enabled=\u00bbfalse\u00bb kswr_row_bottom_decor_enabled=\u00bbfalse\u00bb][vc_column width=\u00bb1\/2&#8243; el_class=\u00bbgris\u00bb][vc_column_text]<\/p>\n<h2><span style=\"color: #ff0000;\"><em>Madurado en el \u00e1rbol<\/em><\/span><\/h2>\n<h3>SIEMPRE EN SU PUNTO<\/h3>\n<p><span style=\"font-weight: 400;\">Nuestros mangos maduran en el \u00e1rbol. De forma manual, no recolectamos la fruta hasta que no alcanza el mejor momento para consumirla. Para ello, controlamos que el contenido de az\u00facar en el fruto sea el \u00f3ptimo para garantizar el mejor sabor.<\/span><\/p>\n<p><span style=\"font-weight: 400;\">Tras la recolecci\u00f3n, nuestros mangos pasan por un exhaustivo proceso de calidad donde a trav\u00e9s de los mayores est\u00e1ndares de calidad son clasificados en funci\u00f3n de su <\/span><b>sabor, color y grado de maduraci\u00f3n<\/b><span style=\"font-weight: 400;\"> y considerando los tama\u00f1os del fruto en funci\u00f3n del gusto de los consumidores.<\/span><\/p>\n<p><span style=\"font-weight: 400;\">Los mangos TROPS mantienen la cera natural que ellos mismos producen y que les protegen de una forma natural.<\/span><\/p>\n<p><span style=\"font-weight: 400;\">No los lavamos ni los enceramos artificialmente, \u00a1no lo necesitamos! Ya que son de producci\u00f3n propia.<\/span>[\/vc_column_text][\/vc_column][vc_column width=\u00bb1\/2&#8243;][\/vc_column][\/vc_row][vc_row full_width=\u00bbstretch_row\u00bb content_placement=\u00bbbottom\u00bb color_style=\u00bblight\u00bb remove_padding=\u00bbno-padding-vc-row\u00bb bg_type=\u00bbimage\u00bb parallax_style=\u00bbvcpb-vz-jquery\u00bb bg_image_new=\u00bbid^745|url^http:\/\/www.trops.pt\/wp-content\/uploads\/2018\/11\/bk-8.jpg|caption^null|alt^null|title^bk|description^null\u00bb bg_override=\u00bbfull\u00bb kswr_row_top_decor_enabled=\u00bbfalse\u00bb kswr_row_bottom_decor_enabled=\u00bbfalse\u00bb][vc_column][vc_column_text]<\/p>\n<h2 style=\"text-align: center;\"><em><strong>Variedades<\/strong> de Mango<\/em><\/h2>\n<p>[\/vc_column_text][\/vc_column][vc_column el_class=\u00bbmangon\u00bb el_id=\u00bbcajas\u00bb]<div id=\"ult-carousel-104879455369f0cfdf88b03\" class=\"ult-carousel-wrapper  cajas ult_horizontal\" data-gutter=\"15\" data-rtl=\"false\" ><div class=\"ult-carousel-275440602269f0cfdf88997 \" >[vc_row_inner][vc_column_inner kswr_column_minheight_enable=\u00bbon\u00bb css=\u00bb.vc_custom_1541519562726{background-image: url(http:\/\/www.trops.pt\/wp-content\/uploads\/2018\/11\/1-7.png?id=751) !important;background-position: center !important;background-repeat: no-repeat !important;background-size: contain !important;}\u00bb kswr_column_minheight=\u00bb517&#8243;][vc_column_text el_class=\u00bbetiquetexto2&#8243; el_id=\u00bbetiquetexto2&#8243;]<\/p>\n<p align=\"justify\">Es la principal variedad que producimos. Es la variedad m\u00e1s rica en sabor y aroma. Destaca el color rojo p\u00farpura de su piel. Su sabor es dulce con toques \u00e1cidos.<\/p>\n<p>[\/vc_column_text][\/vc_column_inner][\/vc_row_inner][vc_row_inner][vc_column_inner kswr_column_minheight_enable=\u00bbon\u00bb kswr_column_minheight=\u00bb517&#8243; css=\u00bb.vc_custom_1541519588711{background-image: url(http:\/\/www.trops.pt\/wp-content\/uploads\/2018\/11\/1-8.png?id=757) !important;background-position: center !important;background-repeat: no-repeat !important;background-size: contain !important;}\u00bb][vc_column_text el_class=\u00bbetiquetexto2&#8243; el_id=\u00bbetiquetexto2&#8243;]<\/p>\n<p align=\"justify\">Con menor dulzor y aroma y un toque m\u00e1s \u00e1cido, su pulpa est\u00e1 exenta de fibras. Su piel alcanza tonos rosados y anaranjados en su maduraci\u00f3n.<\/p>\n<p>[\/vc_column_text][\/vc_column_inner][\/vc_row_inner][vc_row_inner][vc_column_inner kswr_column_minheight_enable=\u00bbon\u00bb kswr_column_minheight=\u00bb517&#8243; css=\u00bb.vc_custom_1541519597341{background-image: url(http:\/\/www.trops.pt\/wp-content\/uploads\/2018\/11\/1-9.png?id=759) !important;background-position: center !important;background-repeat: no-repeat !important;background-size: contain !important;}\u00bb][vc_column_text el_class=\u00bbetiquetexto2&#8243; el_id=\u00bbetiquetexto2&#8243;]<\/p>\n<p align=\"justify\">Se caracteriza por su dulzura intensa, con una pulpa muy jugosa y exenta de fibras. El color de su piel es rojo anaranjado.<\/p>\n<p>[\/vc_column_text][\/vc_column_inner][\/vc_row_inner][vc_row_inner][vc_column_inner kswr_column_minheight_enable=\u00bbon\u00bb kswr_column_minheight=\u00bb517&#8243; css=\u00bb.vc_custom_1552909572698{background-image: url(http:\/\/www.trops.pt\/wp-content\/uploads\/2019\/03\/1-10-1.png?id=1184) !important;background-position: center !important;background-repeat: no-repeat !important;background-size: contain !important;}\u00bb][vc_column_text el_class=\u00bbetiquetexto2&#8243; el_id=\u00bbetiquetexto2&#8243;]<\/p>\n<p align=\"justify\"><span style=\"font-weight: 400; color: #000000;\">Su pulpa es excelentemente buena, muy dulce, arom\u00e1tica, suave y exenta de fibras. Su piel es de color rojo-amarillo y su peso ronda los 300-400 gr.<\/span><\/p>\n<p>[\/vc_column_text][\/vc_column_inner][\/vc_row_inner][vc_row_inner][vc_column_inner kswr_column_minheight_enable=\u00bbon\u00bb kswr_column_minheight=\u00bb517&#8243; css=\u00bb.vc_custom_1552909709107{background-image: url(http:\/\/www.trops.pt\/wp-content\/uploads\/2019\/03\/1-10-2.png?id=1186) !important;background-position: center !important;background-repeat: no-repeat !important;background-size: contain !important;}\u00bb][vc_column_text el_class=\u00bbetiquetexto2&#8243; el_id=\u00bbetiquetexto2&#8243;]<\/p>\n<p align=\"justify\"><span style=\"font-weight: 400; color: #000000;\">De forma alargada, similar al osteen, su piel es de color p\u00farpura. La pulpa es consistente, dulce y con peque\u00f1os toques \u00e1cidos.<\/span><\/p>\n<p>[\/vc_column_text][\/vc_column_inner][\/vc_row_inner]<\/div><\/div>\t\t\t<script type=\"text\/javascript\">\n\t\t\t\tjQuery(document).ready(function ($) {\n\t\t\t\t\tif( typeof jQuery('.ult-carousel-275440602269f0cfdf88997').slick == \"function\"){\n\t\t\t\t\t\t$('.ult-carousel-275440602269f0cfdf88997').slick({dots: true,autoplay: true,autoplaySpeed: 5000,speed: 300,infinite: true,arrows: false,slidesToScroll:5,slidesToShow:5,swipe: true,draggable: true,touchMove: true,pauseOnHover: true,pauseOnFocus: false,responsive: [\n\t\t\t\t\t\t\t{\n\t\t\t\t\t\t\t  breakpoint: 1026,\n\t\t\t\t\t\t\t  settings: {\n\t\t\t\t\t\t\t\tslidesToShow: 5,\n\t\t\t\t\t\t\t\tslidesToScroll: 5,  \n\t\t\t\t\t\t\t  }\n\t\t\t\t\t\t\t},\n\t\t\t\t\t\t\t{\n\t\t\t\t\t\t\t  breakpoint: 1025,\n\t\t\t\t\t\t\t  settings: {\n\t\t\t\t\t\t\t\tslidesToShow: 1,\n\t\t\t\t\t\t\t\tslidesToScroll: 1\n\t\t\t\t\t\t\t  }\n\t\t\t\t\t\t\t},\n\t\t\t\t\t\t\t{\n\t\t\t\t\t\t\t  breakpoint: 760,\n\t\t\t\t\t\t\t  settings: {\n\t\t\t\t\t\t\t\tslidesToShow: 1,\n\t\t\t\t\t\t\t\tslidesToScroll: 1\n\t\t\t\t\t\t\t  }\n\t\t\t\t\t\t\t}\n\t\t\t\t\t\t],pauseOnDotsHover: true,customPaging: function(slider, i) {\n                   return '<i type=\"button\" style= \"color:#333333;\" class=\"ultsl-record\" data-role=\"none\"><\/i>';\n                },});\n\t\t\t\t\t}\n\t\t\t\t});\n\t\t\t<\/script>\n\t\t\t[\/vc_column][\/vc_row][vc_row full_width=\u00bbstretch_row_content_no_spaces\u00bb equal_height=\u00bbyes\u00bb content_placement=\u00bbmiddle\u00bb remove_padding=\u00bbno-padding-vc-row\u00bb bg_type=\u00bbimage\u00bb parallax_style=\u00bbvcpb-default\u00bb bg_image_new=\u00bbid^1192|url^http:\/\/www.trops.pt\/wp-content\/uploads\/2019\/03\/bk-9.jpg|caption^null|alt^null|title^bk-9|description^null\u00bb bg_image_repeat=\u00bbno-repeat\u00bb bg_override=\u00bbfull\u00bb kswr_row_top_decor_enabled=\u00bbfalse\u00bb kswr_row_bottom_decor_enabled=\u00bbfalse\u00bb css=\u00bb.vc_custom_1552992220743{margin-top: 0px !important;margin-right: 0px !important;margin-bottom: 0px !important;margin-left: 0px !important;padding-top: 0px !important;padding-right: 0px !important;padding-bottom: 0px !important;padding-left: 0px !important;background-color: #ffffff !important;}\u00bb][vc_column width=\u00bb1\/12&#8243; el_class=\u00bbno-respo\u00bb][\/vc_column][vc_column width=\u00bb4\/12&#8243; css=\u00bb.vc_custom_1542369919730{padding-right: 40px !important;}\u00bb el_class=\u00bbgris superaguacate\u00bb][vc_column_text el_class=\u00bbsuperaguacate\u00bb]<\/p>\n<h3>A continuaci\u00f3n mostramos un calendario de producci\u00f3n y consumo:<\/h3>\n<h3>CALENDARIO DE PRODUCCI\u00d3N<\/h3>\n<p>La producci\u00f3n de mango se concentra en los meses que van de agosto a diciembre. La mejor \u00e9poca para su consumo son los meses: septiembre, octubre y noviembre.[\/vc_column_text][vc_single_image image=\u00bb1190&#8243; img_size=\u00bbfull\u00bb css_animation=\u00bbfadeInLeft\u00bb el_class=\u00bbsuperaguacate\u00bb][\/vc_column][vc_column parallax=\u00bbcontent-moving\u00bb parallax_speed_bg=\u00bb3&#8243; css_animation=\u00bbfadeIn\u00bb width=\u00bb6\/12&#8243; css=\u00bb.vc_custom_1541519898922{margin-top: 0px !important;margin-right: 0px !important;margin-bottom: 0px !important;margin-left: 0px !important;padding-top: 0px !important;padding-right: 0px !important;padding-bottom: 0px !important;padding-left: 0px !important;background-position: center !important;background-repeat: no-repeat !important;background-size: cover !important;}\u00bb][\/vc_column][\/vc_row][vc_row full_width=\u00bbstretch_row_content_no_spaces\u00bb equal_height=\u00bbyes\u00bb remove_padding=\u00bbno-padding-vc-row\u00bb kswr_row_top_decor_enabled=\u00bbfalse\u00bb kswr_row_bottom_decor_enabled=\u00bbfalse\u00bb][vc_column width=\u00bb1\/12&#8243; css=\u00bb.vc_custom_1542369056465{background-color: #ffffff !important;}\u00bb el_class=\u00bbno-respo\u00bb][\/vc_column][vc_column width=\u00bb7\/12&#8243; css=\u00bb.vc_custom_1542369155225{background-color: #ffffff !important;}\u00bb el_class=\u00bbsuperaguacate\u00bb][vc_column_text css=\u00bb.vc_custom_1545826886420{padding-bottom: 40px !important;}\u00bb]<\/p>\n<h2><em><span style=\"color: #ff0000;\">El mango<\/span><\/em><\/h2>\n<h3>C\u00d3MO CONSUMIRLO<\/h3>\n<p><span style=\"font-weight: 400;\">A la hora de elegir un mango maduro, debemos escoger uno que est\u00e9 ligeramente blando al apretarlo y que desprenda un fuerte aroma. El color del mango no es el mejor indicativo de su madurez, algunas variedades muy buenas permanenen siempre verdes.<\/span><\/p>\n<p><span style=\"font-weight: 400;\">Para acelerar el proceso de maduraci\u00f3n solo tiene que dejar el mango junto a otras frutas diferentes, siempre a temperatura ambiente. <\/span><\/p>\n<p><span style=\"font-weight: 400;\">En el siguiente v\u00eddeo podr\u00e1n observar c\u00f3mo cortar y aprovechar un mango al 100%<\/span>[\/vc_column_text][\/vc_column][vc_column width=\u00bb3\/12&#8243;][vc_video link=\u00bbhttps:\/\/www.youtube.com\/watch?v=4vZMsvjqFDY&amp;feature=youtu.be\u00bb el_width=\u00bb80&#8243; align=\u00bbcenter\u00bb][\/vc_column][\/vc_row][vc_row bg_type=\u00bbgrad\u00bb bg_override=\u00bbfull\u00bb bg_grad=\u00bbbackground: -webkit-gradient(linear, left top, left bottom, color-stop(0%, #96AE29), color-stop(74%, #7A9321), color-stop(100%, #799121));background: -moz-linear-gradient(left,#96AE29 0%,#7A9321 74%,#799121 100%);background: -webkit-linear-gradient(left,#96AE29 0%,#7A9321 74%,#799121 100%);background: -o-linear-gradient(left,#96AE29 0%,#7A9321 74%,#799121 100%);background: -ms-linear-gradient(left,#96AE29 0%,#7A9321 74%,#799121 100%);background: linear-gradient(left,#96AE29 0%,#7A9321 74%,#799121 100%);\u00bb css=\u00bb.vc_custom_1534256775776{padding-top: 32px !important;padding-bottom: 42px !important;}\u00bb][vc_column width=\u00bb2\/3&#8243; css=\u00bb.vc_custom_1534415018937{margin-top: 0px !important;border-top-width: 0px !important;padding-top: 0px !important;padding-left: 50px !important;}\u00bb el_class=\u00bbunete-trops\u00bb][vc_column_text]<\/p>\n<h4 style=\"font-size: 2.6em; font-weight: 100; line-height: 53px; color: white;\">\u00danete a TROPS, la principal productora de aguacate y mango de Europa.<\/h4>\n<p class=\"unete-trops\" style=\"color: white; font-size: 15px;\">Inf\u00f3rmate aqu\u00ed sobre las ventajas de ser socio de TROPS<\/p>\n<p>[\/vc_column_text][\/vc_column][vc_column width=\u00bb1\/3&#8243; css=\u00bb.vc_custom_1534256137792{margin-top: 75px !important;border-top-width: 0px !important;padding-top: 0px !important;}\u00bb]<div class=\"pix_button button-center\"><a href=\"http:\/\/www.trops.pt\/es\/work-with-us\/\"  class=\"clear btn ver-mas-verde btn-outline btn-hover-outline btn-rectangle  btn-back btn-md white btn-hover-white\">SABER M\u00c1S <span class=\"btn-icon pixicon-arrow-angle-double-right\"><\/span><\/a><\/div>[\/vc_column][\/vc_row]<\/p>\n","protected":false},"excerpt":{"rendered":"<p>[vc_row remove_padding=\u00bbno-padding-vc-row\u00bb bg_type=\u00bbimage\u00bb parallax_style=\u00bbvcpb-vz-jquery\u00bb bg_image_new=\u00bbid^736|url^http:\/\/www.trops.pt\/wp-content\/uploads\/2018\/11\/bk-6.jpg|caption^null|alt^null|title^bk|description^null\u00bb bg_image_repeat=\u00bbno-repeat\u00bb bg_override=\u00bbfull\u00bb kswr_row_top_decor_enabled=\u00bbfalse\u00bb kswr_row_bottom_decor_enabled=\u00bbfalse\u00bb css=\u00bb.vc_custom_1541517533013{padding-top: 150px !important;}\u00bb][vc_column width=\u00bb5\/12&#8243; el_class=\u00bbgris\u00bb][vc_column_text] Mangos TROPS Los m\u00e1s deliciosos del mercado En TROPS sentimos verdadera pasi\u00f3n por las frutas tropicales y por ello sabemos la importancia que tiene el cuidado&#8230;<\/p>\n","protected":false},"author":1,"featured_media":0,"parent":10,"menu_order":0,"comment_status":"closed","ping_status":"closed","template":"","meta":{"footnotes":""},"class_list":["post-339","page","type-page","status-publish","hentry"],"_links":{"self":[{"href":"https:\/\/www.trops.pt\/es\/wp-json\/wp\/v2\/pages\/339","targetHints":{"allow":["GET"]}}],"collection":[{"href":"https:\/\/www.trops.pt\/es\/wp-json\/wp\/v2\/pages"}],"about":[{"href":"https:\/\/www.trops.pt\/es\/wp-json\/wp\/v2\/types\/page"}],"author":[{"embeddable":true,"href":"https:\/\/www.trops.pt\/es\/wp-json\/wp\/v2\/users\/1"}],"replies":[{"embeddable":true,"href":"https:\/\/www.trops.pt\/es\/wp-json\/wp\/v2\/comments?post=339"}],"version-history":[{"count":137,"href":"https:\/\/www.trops.pt\/es\/wp-json\/wp\/v2\/pages\/339\/revisions"}],"predecessor-version":[{"id":1589,"href":"https:\/\/www.trops.pt\/es\/wp-json\/wp\/v2\/pages\/339\/revisions\/1589"}],"up":[{"embeddable":true,"href":"https:\/\/www.trops.pt\/es\/wp-json\/wp\/v2\/pages\/10"}],"wp:attachment":[{"href":"https:\/\/www.trops.pt\/es\/wp-json\/wp\/v2\/media?parent=339"}],"curies":[{"name":"wp","href":"https:\/\/api.w.org\/{rel}","templated":true}]}}