{"id":481,"date":"2018-09-07T08:21:49","date_gmt":"2018-09-07T08:21:49","guid":{"rendered":"http:\/\/www.trops.pt\/?page_id=481"},"modified":"2019-08-22T10:41:16","modified_gmt":"2019-08-22T10:41:16","slug":"equipo","status":"publish","type":"page","link":"https:\/\/www.trops.pt\/es\/equipo\/","title":{"rendered":"Equipo"},"content":{"rendered":"<p>[vc_row][vc_column css=\u00bb.vc_custom_1536767531551{margin-bottom: -60px !important;padding-top: 60px !important;}\u00bb]<h2 class=\"titl\">Equipo<\/h2>[\/vc_column][\/vc_row][vc_row equal_height=\u00bbyes\u00bb content_placement=\u00bbtop\u00bb css_animation=\u00bbslideInRight\u00bb remove_padding=\u00bbno-padding-vc-row\u00bb enable_overlay=\u00bbenable_overlay_value\u00bb overlay_color=\u00bbrgba(255,255,255,0.93)\u00bb kswr_row_top_decor_enabled=\u00bbfalse\u00bb kswr_row_bottom_decor_enabled=\u00bbfalse\u00bb][vc_column parallax=\u00bbcontent-moving-fade\u00bb parallax_image=\u00bb1039&#8243; css_animation=\u00bbright-to-left\u00bb width=\u00bb1\/4&#8243; css=\u00bb.vc_custom_1545822061688{background-position: center !important;background-repeat: no-repeat !important;background-size: cover !important;}\u00bb][vc_single_image image=\u00bb1115&#8243; img_size=\u00bbfull\u00bb][\/vc_column][vc_column width=\u00bb3\/4&#8243;][vc_column_text css_animation=\u00bbtop-to-bottom\u00bb]<\/p>\n<h3 style=\"text-align: right;\"><span style=\"color: #ff3522;\">AGRICULTORES<\/span><\/h3>\n<p>[\/vc_column_text][vc_column_text css=\u00bb.vc_custom_1551955487002{border-left-width: 1px !important;padding-left: 20px !important;border-left-color: #ffffff !important;border-left-style: solid !important;}\u00bb]<\/p>\n<blockquote>\n<p><span style=\"font-weight: 400;\">Nuestros agricultores<\/span> <span style=\"font-weight: 400;\">son profesionales de la agricultura totalmente alineados con la filosof\u00eda TROPS, sabor y calidad en la producci\u00f3n con el 100% de respeto al medio ambiente.<\/span><\/p>\n<\/blockquote>\n<p>[\/vc_column_text][\/vc_column][\/vc_row][vc_row css_animation=\u00bbslideInLeft\u00bb remove_padding=\u00bbno-padding-vc-row\u00bb enable_overlay=\u00bbenable_overlay_value\u00bb overlay_color=\u00bbrgba(255,255,255,0.91)\u00bb kswr_row_top_decor_enabled=\u00bbfalse\u00bb kswr_row_bottom_decor_enabled=\u00bbfalse\u00bb][vc_column width=\u00bb1\/4&#8243;][vc_single_image image=\u00bb1116&#8243; img_size=\u00bbfull\u00bb][\/vc_column][vc_column css_animation=\u00bbleft-to-right\u00bb width=\u00bb3\/4&#8243;][vc_column_text css_animation=\u00bbtop-to-bottom\u00bb]<\/p>\n<h3 style=\"text-align: right;\"><span style=\"color: #ff3522;\">PRODUCCI\u00d3N<\/span><\/h3>\n<p>[\/vc_column_text][vc_column_text css=\u00bb.vc_custom_1551955499472{border-left-width: 1px !important;padding-left: 20px !important;border-left-color: #ffffff !important;border-left-style: solid !important;}\u00bb]<\/p>\n<blockquote>\n<p><span style=\"font-weight: 400;\">El equipo de producci\u00f3n es el encargado de clasificar y envasar la fruta en cualquier tipo de envase demandado, seg\u00fan su sabor, color y tama\u00f1o.<\/span><\/p>\n<\/blockquote>\n<p>[\/vc_column_text][\/vc_column][\/vc_row][vc_row css_animation=\u00bbslideInRight\u00bb remove_padding=\u00bbno-padding-vc-row\u00bb enable_overlay=\u00bbenable_overlay_value\u00bb overlay_color=\u00bbrgba(255,255,255,0.9)\u00bb kswr_row_top_decor_enabled=\u00bbfalse\u00bb kswr_row_bottom_decor_enabled=\u00bbfalse\u00bb][vc_column width=\u00bb1\/4&#8243;][vc_single_image image=\u00bb1125&#8243; img_size=\u00bbfull\u00bb][\/vc_column][vc_column css_animation=\u00bbleft-to-right\u00bb width=\u00bb3\/4&#8243;][vc_column_text css_animation=\u00bbtop-to-bottom\u00bb]<\/p>\n<h3 style=\"text-align: right;\"><span style=\"color: #ff3522;\">DEPARTAMENTO\u00a0COMERCIAL<\/span><\/h3>\n<p>[\/vc_column_text][vc_column_text css=\u00bb.vc_custom_1551955512447{border-left-width: 1px !important;padding-left: 20px !important;border-left-color: #ffffff !important;border-left-style: solid !important;}\u00bb]<\/p>\n<blockquote>\n<p><span style=\"font-weight: 400;\">Nuestro departamento comercial est\u00e1 en permanente contacto con el mercado con el objetivo de identificar las necesidades de los clientes y satisfacerlas adaptando la producci\u00f3n a sus gustos.<\/span><\/p>\n<\/blockquote>\n<p>[\/vc_column_text][\/vc_column][\/vc_row][vc_row css_animation=\u00bbslideInLeft\u00bb remove_padding=\u00bbno-padding-vc-row\u00bb enable_overlay=\u00bbenable_overlay_value\u00bb overlay_color=\u00bbrgba(255,255,255,0.9)\u00bb overlay_pattern=\u00bbtransperant\u00bb kswr_row_top_decor_enabled=\u00bbfalse\u00bb kswr_row_bottom_decor_enabled=\u00bbfalse\u00bb][vc_column width=\u00bb1\/4&#8243;][vc_single_image image=\u00bb1122&#8243; img_size=\u00bbfull\u00bb][\/vc_column][vc_column css_animation=\u00bbleft-to-right\u00bb width=\u00bb3\/4&#8243;][vc_column_text css_animation=\u00bbtop-to-bottom\u00bb]<\/p>\n<h3 style=\"text-align: right;\"><span style=\"color: #ff3522;\">T\u00c9CNICOS<\/span><\/h3>\n<p>[\/vc_column_text][vc_column_text css=\u00bb.vc_custom_1551955521135{border-left-width: 1px !important;padding-left: 20px !important;border-left-color: #ffffff !important;border-left-style: solid !important;}\u00bb]<\/p>\n<blockquote>\n<p><span style=\"font-weight: 400;\">Nuestro equipo de ingenieros agr\u00f3nomos asesoran al agricultor sobre las t\u00e9cnicas de producci\u00f3n aplicables de forma que le permita maximizar sus rendimientos, siempre con el pleno respeto al medio ambiente.<\/span><\/p>\n<\/blockquote>\n<p>[\/vc_column_text][\/vc_column][\/vc_row][vc_row css_animation=\u00bbslideInRight\u00bb remove_padding=\u00bbno-padding-vc-row\u00bb enable_overlay=\u00bbenable_overlay_value\u00bb overlay_color=\u00bbrgba(255,255,255,0.89)\u00bb kswr_row_top_decor_enabled=\u00bbfalse\u00bb kswr_row_bottom_decor_enabled=\u00bbfalse\u00bb][vc_column width=\u00bb1\/4&#8243;][vc_single_image image=\u00bb1123&#8243; img_size=\u00bbfull\u00bb][\/vc_column][vc_column css_animation=\u00bbleft-to-right\u00bb width=\u00bb3\/4&#8243;][vc_column_text css_animation=\u00bbtop-to-bottom\u00bb]<\/p>\n<h3 style=\"text-align: right;\"><span style=\"color: #ff3522;\">ADMINISTRACI\u00d3N<\/span><\/h3>\n<p>[\/vc_column_text][vc_column_text css=\u00bb.vc_custom_1551955531480{border-left-width: 1px !important;padding-left: 20px !important;border-left-color: #ffffff !important;border-left-style: solid !important;}\u00bb]<\/p>\n<blockquote>\n<p><span style=\"font-weight: 400;\">Formado por un equipo competente y eficaz, los diferentes departamentos de administraci\u00f3n son clave para:<\/span><\/p>\n<ul>\n<li style=\"font-weight: 400;\"><span style=\"font-weight: 400;\">Que los agricultores reciban las liquidaciones de su fruta de una forma r\u00e1pida, precisa, transparente y fiable.<\/span><\/li>\n<\/ul>\n<ul>\n<li style=\"font-weight: 400;\"><span style=\"font-weight: 400;\">Que los trabajadores reciban sus compensaciones al trabajo de una forma puntual y adecuada.<\/span><\/li>\n<li style=\"font-weight: 400;\"><span style=\"font-weight: 400;\">Para una gesti\u00f3n eficaz y eficiente de facturaci\u00f3n y cobro a los clientes.<\/span><\/li>\n<\/ul>\n<\/blockquote>\n<p>[\/vc_column_text][\/vc_column][\/vc_row][vc_row bg_type=\u00bbgrad\u00bb bg_override=\u00bbfull\u00bb bg_grad=\u00bbbackground: -webkit-gradient(linear, left top, left bottom, color-stop(0%, #96AE29), color-stop(74%, #7A9321), color-stop(100%, #799121));background: -moz-linear-gradient(left,#96AE29 0%,#7A9321 74%,#799121 100%);background: -webkit-linear-gradient(left,#96AE29 0%,#7A9321 74%,#799121 100%);background: -o-linear-gradient(left,#96AE29 0%,#7A9321 74%,#799121 100%);background: -ms-linear-gradient(left,#96AE29 0%,#7A9321 74%,#799121 100%);background: linear-gradient(left,#96AE29 0%,#7A9321 74%,#799121 100%);\u00bb css=\u00bb.vc_custom_1536749803667{margin-top: 40px !important;padding-top: 32px !important;padding-bottom: 42px !important;}\u00bb kswr_row_top_decor_enabled=\u00bbfalse\u00bb kswr_row_bottom_decor_enabled=\u00bbfalse\u00bb][vc_column width=\u00bb2\/3&#8243; css=\u00bb.vc_custom_1534415018937{margin-top: 0px !important;border-top-width: 0px !important;padding-top: 0px !important;padding-left: 50px !important;}\u00bb el_class=\u00bbunete-trops\u00bb][vc_column_text]<\/p>\n<h4 style=\"font-size: 2.6em; font-weight: 100; line-height: 53px; color: white;\">\u00danete a TROPS, la principal productora de aguacate y mango de Europa.<\/h4>\n<p class=\"unete-trops\" style=\"color: white; font-size: 15px;\">Inf\u00f3rmate aqu\u00ed sobre las ventajas de ser socio de TROPS<\/p>\n<p>[\/vc_column_text][\/vc_column][vc_column width=\u00bb1\/3&#8243; css=\u00bb.vc_custom_1534256137792{margin-top: 75px !important;border-top-width: 0px !important;padding-top: 0px !important;}\u00bb]<div class=\"pix_button button-center\"><a href=\"http:\/\/www.trops.pt\/es\/work-with-us\/\"  class=\"clear btn ver-mas-verde btn-outline btn-hover-outline btn-rectangle  btn-back btn-md white btn-hover-white\">SABER M\u00c1S <span class=\"btn-icon pixicon-arrow-angle-double-right\"><\/span><\/a><\/div>[\/vc_column][\/vc_row]<\/p>\n","protected":false},"excerpt":{"rendered":"<p>[vc_row][vc_column css=\u00bb.vc_custom_1536767531551{margin-bottom: -60px !important;padding-top: 60px !important;}\u00bb][\/vc_column][\/vc_row][vc_row equal_height=\u00bbyes\u00bb content_placement=\u00bbtop\u00bb css_animation=\u00bbslideInRight\u00bb remove_padding=\u00bbno-padding-vc-row\u00bb enable_overlay=\u00bbenable_overlay_value\u00bb overlay_color=\u00bbrgba(255,255,255,0.93)\u00bb kswr_row_top_decor_enabled=\u00bbfalse\u00bb kswr_row_bottom_decor_enabled=\u00bbfalse\u00bb][vc_column parallax=\u00bbcontent-moving-fade\u00bb parallax_image=\u00bb1039&#8243; css_animation=\u00bbright-to-left\u00bb width=\u00bb1\/4&#8243; css=\u00bb.vc_custom_1545822061688{background-position: center !important;background-repeat: no-repeat !important;background-size: cover !important;}\u00bb][vc_single_image image=\u00bb1115&#8243; img_size=\u00bbfull\u00bb][\/vc_column][vc_column width=\u00bb3\/4&#8243;][vc_column_text css_animation=\u00bbtop-to-bottom\u00bb] AGRICULTORES [\/vc_column_text][vc_column_text css=\u00bb.vc_custom_1551955487002{border-left-width: 1px !important;padding-left: 20px !important;border-left-color: #ffffff !important;border-left-style: solid !important;}\u00bb]&#8230;<\/p>\n","protected":false},"author":1,"featured_media":0,"parent":0,"menu_order":0,"comment_status":"closed","ping_status":"closed","template":"","meta":{"footnotes":""},"class_list":["post-481","page","type-page","status-publish","hentry"],"_links":{"self":[{"href":"https:\/\/www.trops.pt\/es\/wp-json\/wp\/v2\/pages\/481","targetHints":{"allow":["GET"]}}],"collection":[{"href":"https:\/\/www.trops.pt\/es\/wp-json\/wp\/v2\/pages"}],"about":[{"href":"https:\/\/www.trops.pt\/es\/wp-json\/wp\/v2\/types\/page"}],"author":[{"embeddable":true,"href":"https:\/\/www.trops.pt\/es\/wp-json\/wp\/v2\/users\/1"}],"replies":[{"embeddable":true,"href":"https:\/\/www.trops.pt\/es\/wp-json\/wp\/v2\/comments?post=481"}],"version-history":[{"count":98,"href":"https:\/\/www.trops.pt\/es\/wp-json\/wp\/v2\/pages\/481\/revisions"}],"predecessor-version":[{"id":1541,"href":"https:\/\/www.trops.pt\/es\/wp-json\/wp\/v2\/pages\/481\/revisions\/1541"}],"wp:attachment":[{"href":"https:\/\/www.trops.pt\/es\/wp-json\/wp\/v2\/media?parent=481"}],"curies":[{"name":"wp","href":"https:\/\/api.w.org\/{rel}","templated":true}]}}