{"id":5,"date":"2018-08-14T11:18:48","date_gmt":"2018-08-14T11:18:48","guid":{"rendered":"http:\/\/www.trops.pt\/?page_id=5"},"modified":"2025-06-11T09:43:59","modified_gmt":"2025-06-11T09:43:59","slug":"home","status":"publish","type":"page","link":"https:\/\/www.trops.pt\/es\/","title":{"rendered":"Home"},"content":{"rendered":"<p>[vc_row remove_padding=\u00bbno-padding-vc-row\u00bb][vc_column]\n\t\t\t<!-- START home es new REVOLUTION SLIDER 6.5.22 --><p class=\"rs-p-wp-fix\"><\/p>\n\t\t\t<rs-module-wrap id=\"rev_slider_8_1_wrapper\" data-source=\"gallery\" style=\"visibility:hidden;background:transparent;padding:0;margin:0px auto;margin-top:0;margin-bottom:0;\">\n\t\t\t\t<rs-module id=\"rev_slider_8_1\" style=\"\" data-version=\"6.5.22\">\n\t\t\t\t\t<rs-slides>\n\t\t\t\t\t\t<rs-slide style=\"position: absolute;\" data-key=\"rs-23\" data-title=\"Slide\" data-anim=\"ms:600;\" data-in=\"o:0;\" data-out=\"a:false;\">\n\t\t\t\t\t\t\t<img decoding=\"async\" src=\"\/\/www.trops.pt\/wp-content\/plugins\/revslider\/public\/assets\/assets\/dummy.png\" alt=\"\" title=\"Home\" class=\"rev-slidebg tp-rs-img rs-lazyload\" data-lazyload=\"\/\/www.trops.pt\/wp-content\/uploads\/2020\/11\/CAMPANA-TROPS-1.jpg\" data-no-retina>\n<!--\n\t\t\t\t\t\t\t--><rs-layer\n\t\t\t\t\t\t\t\tid=\"slider-8-slide-23-layer-5\" \n\t\t\t\t\t\t\t\tclass=\"tp-shape tp-shapewrapper\"\n\t\t\t\t\t\t\t\tdata-type=\"shape\"\n\t\t\t\t\t\t\t\tdata-rsp_ch=\"on\"\n\t\t\t\t\t\t\t\tdata-xy=\"x:l,l,c,c;yo:25px;\"\n\t\t\t\t\t\t\t\tdata-text=\"w:nowrap,nowrap,normal,normal;fw:400,400,900,900;a:left,left,inherit,inherit;\"\n\t\t\t\t\t\t\t\tdata-dim=\"w:100%;h:180,180,613,751;\"\n\t\t\t\t\t\t\t\tdata-vbility=\"f,f,t,t\"\n\t\t\t\t\t\t\t\tdata-frame_0=\"tp:600;\"\n\t\t\t\t\t\t\t\tdata-frame_1=\"tp:600;sR:10;\"\n\t\t\t\t\t\t\t\tdata-frame_999=\"o:0;tp:600;st:w;sR:8690;\"\n\t\t\t\t\t\t\t\tstyle=\"z-index:5;background-color:rgba(255,255,255,0.5);\"\n\t\t\t\t\t\t\t> \n\t\t\t\t\t\t\t<\/rs-layer><!--\n\n\t\t\t\t\t\t\t--><rs-layer\n\t\t\t\t\t\t\t\tid=\"slider-8-slide-23-layer-1\" \n\t\t\t\t\t\t\t\tdata-type=\"text\"\n\t\t\t\t\t\t\t\tdata-color=\"#212121\"\n\t\t\t\t\t\t\t\tdata-rsp_ch=\"on\"\n\t\t\t\t\t\t\t\tdata-xy=\"x:c;xo:0,30px,0,0;yo:0,103px,128px,135px;\"\n\t\t\t\t\t\t\t\tdata-text=\"w:nowrap,nowrap,normal,normal;s:20,20,40,40;l:45;a:inherit,inherit,center,center;\"\n\t\t\t\t\t\t\t\tdata-dim=\"w:auto,auto,732px,100%;h:auto,auto,184px,auto;\"\n\t\t\t\t\t\t\t\tdata-basealign=\"slide\"\n\t\t\t\t\t\t\t\tdata-frame_0=\"o:1;tp:600;\"\n\t\t\t\t\t\t\t\tdata-frame_0_chars=\"d:10;o:0;\"\n\t\t\t\t\t\t\t\tdata-frame_1=\"tp:600;e:power4.inOut;sp:2000;sR:10;\"\n\t\t\t\t\t\t\t\tdata-frame_1_chars=\"d:10;\"\n\t\t\t\t\t\t\t\tdata-frame_999=\"o:0;tp:600;st:w;sR:7090;\"\n\t\t\t\t\t\t\t\tstyle=\"z-index:6;font-family:'Lato';\"\n\t\t\t\t\t\t\t> \n\t\t\t\t\t\t\t<\/rs-layer><!--\n\n\t\t\t\t\t\t\t--><rs-layer\n\t\t\t\t\t\t\t\tid=\"slider-8-slide-23-layer-9\" \n\t\t\t\t\t\t\t\tdata-type=\"text\"\n\t\t\t\t\t\t\t\tdata-color=\"#000000||#0a0a0a||#000000||#000000\"\n\t\t\t\t\t\t\t\tdata-rsp_ch=\"on\"\n\t\t\t\t\t\t\t\tdata-xy=\"x:l,c,c,c;xo:0,250px,-79px,0;yo:226px,338px,310px,312px;\"\n\t\t\t\t\t\t\t\tdata-text=\"s:50;l:60,55,55,60;ls:10px,0,0,0;fw:300;a:inherit,center,center,center;\"\n\t\t\t\t\t\t\t\tdata-dim=\"w:auto,405px,395px,383px;h:auto,60px,68px,auto;\"\n\t\t\t\t\t\t\t\tdata-padding=\"r:10,0,0,0;l:10,0,0,0;\"\n\t\t\t\t\t\t\t\tdata-border=\"bos:solid;boc:#000000;bow:2px,2px,2px,2px;\"\n\t\t\t\t\t\t\t\tdata-frame_0=\"x:-100%;o:1;tp:600;\"\n\t\t\t\t\t\t\t\tdata-frame_0_mask=\"u:t;\"\n\t\t\t\t\t\t\t\tdata-frame_1=\"tp:600;st:300;sp:1000;sR:300;\"\n\t\t\t\t\t\t\t\tdata-frame_1_mask=\"u:t;\"\n\t\t\t\t\t\t\t\tdata-frame_999=\"o:0;tp:600;st:w;sR:7700;\"\n\t\t\t\t\t\t\t\tstyle=\"z-index:7;background-color:rgba(255,255,255,0.3);font-family:'Lato';\"\n\t\t\t\t\t\t\t>COMPROMISO \n\t\t\t\t\t\t\t<\/rs-layer><!--\n\n\t\t\t\t\t\t\t--><rs-layer\n\t\t\t\t\t\t\t\tid=\"slider-8-slide-23-layer-10\" \n\t\t\t\t\t\t\t\tdata-type=\"text\"\n\t\t\t\t\t\t\t\tdata-rsp_ch=\"on\"\n\t\t\t\t\t\t\t\tdata-xy=\"x:l,c,c,c;xo:0,104px,122px,0;yo:318px,534px,475px,406px;\"\n\t\t\t\t\t\t\t\tdata-text=\"w:normal,nowrap,nowrap,nowrap;s:50;l:60,55,55,60;ls:10px,0,0,0;fw:900;a:inherit,center,center,center;\"\n\t\t\t\t\t\t\t\tdata-dim=\"w:520px,411px,416px,407px;h:67px,62px,62px,auto;\"\n\t\t\t\t\t\t\t\tdata-padding=\"r:10,0,0,0;l:10,0,0,0;\"\n\t\t\t\t\t\t\t\tdata-border=\"bos:solid;boc:#ffffff;bow:2px,2px,2px,2px;\"\n\t\t\t\t\t\t\t\tdata-frame_0=\"x:-100%;o:1;tp:600;\"\n\t\t\t\t\t\t\t\tdata-frame_0_mask=\"u:t;\"\n\t\t\t\t\t\t\t\tdata-frame_1=\"tp:600;st:1630;sp:1000;sR:1630;\"\n\t\t\t\t\t\t\t\tdata-frame_1_mask=\"u:t;\"\n\t\t\t\t\t\t\t\tdata-frame_999=\"o:0;tp:600;st:w;sR:6370;\"\n\t\t\t\t\t\t\t\tstyle=\"z-index:8;background-color:rgba(0,0,0,0.3);font-family:'Lato';\"\n\t\t\t\t\t\t\t>\nRENTABILIDAD \n\t\t\t\t\t\t\t<\/rs-layer><!--\n\n\t\t\t\t\t\t\t--><rs-layer\n\t\t\t\t\t\t\t\tid=\"slider-8-slide-23-layer-11\" \n\t\t\t\t\t\t\t\tdata-type=\"text\"\n\t\t\t\t\t\t\t\tdata-color=\"#000000||#0a0a0a||#000000||#000000\"\n\t\t\t\t\t\t\t\tdata-rsp_ch=\"on\"\n\t\t\t\t\t\t\t\tdata-xy=\"x:l,c,c,c;xo:-2px,-300px,-155px,0;yo:409px,418px,604px,493px;\"\n\t\t\t\t\t\t\t\tdata-text=\"s:50;l:60,55,55,60;ls:10px,0,0,0;fw:300;a:inherit,center,center,center;\"\n\t\t\t\t\t\t\t\tdata-dim=\"w:auto,331px,335px,371px;h:auto,67px,62px,auto;\"\n\t\t\t\t\t\t\t\tdata-padding=\"r:10,0,0,0;l:10,0,0,0;\"\n\t\t\t\t\t\t\t\tdata-border=\"bos:solid;boc:#000000;bow:2px,2px,2px,2px;\"\n\t\t\t\t\t\t\t\tdata-frame_0=\"x:-100%;o:1;tp:600;\"\n\t\t\t\t\t\t\t\tdata-frame_0_mask=\"u:t;\"\n\t\t\t\t\t\t\t\tdata-frame_1=\"tp:600;st:2940;sp:1000;sR:2940;\"\n\t\t\t\t\t\t\t\tdata-frame_1_mask=\"u:t;\"\n\t\t\t\t\t\t\t\tdata-frame_999=\"o:0;tp:600;st:w;sR:5060;\"\n\t\t\t\t\t\t\t\tstyle=\"z-index:9;background-color:rgba(255,255,255,0.3);font-family:'Lato';\"\n\t\t\t\t\t\t\t>SEGURIDAD \n\t\t\t\t\t\t\t<\/rs-layer><!--\n\n\t\t\t\t\t\t\t--><rs-layer\n\t\t\t\t\t\t\t\tid=\"slider-8-slide-23-layer-12\" \n\t\t\t\t\t\t\t\tdata-type=\"text\"\n\t\t\t\t\t\t\t\tdata-rsp_ch=\"on\"\n\t\t\t\t\t\t\t\tdata-xy=\"x:l,c,c,c;xo:0,-193px,154px,0;yo:504px,268px,734px,586px;\"\n\t\t\t\t\t\t\t\tdata-text=\"s:50;l:60,55,55,60;ls:10px,0,0,0;fw:900;a:inherit,center,center,center;\"\n\t\t\t\t\t\t\t\tdata-dim=\"w:auto,217px,232px,230px;h:auto,auto,64px,auto;\"\n\t\t\t\t\t\t\t\tdata-padding=\"r:10,0,0,0;l:10,0,0,0;\"\n\t\t\t\t\t\t\t\tdata-border=\"bos:solid;boc:#ffffff;bow:2px,2px,2px,2px;\"\n\t\t\t\t\t\t\t\tdata-frame_0=\"x:-100%;o:1;tp:600;\"\n\t\t\t\t\t\t\t\tdata-frame_0_mask=\"u:t;\"\n\t\t\t\t\t\t\t\tdata-frame_1=\"tp:600;st:4210;sp:1000;sR:4210;\"\n\t\t\t\t\t\t\t\tdata-frame_1_mask=\"u:t;\"\n\t\t\t\t\t\t\t\tdata-frame_999=\"o:0;tp:600;st:w;sR:3790;\"\n\t\t\t\t\t\t\t\tstyle=\"z-index:10;background-color:rgba(10,10,10,0.3);font-family:'Lato';\"\n\t\t\t\t\t\t\t>FUTURO \n\t\t\t\t\t\t\t<\/rs-layer><!--\n-->\t\t\t\t\t\t<\/rs-slide>\n\t\t\t\t\t<\/rs-slides>\n\t\t\t\t<\/rs-module>\n\t\t\t\t<script>\n\t\t\t\t\tsetREVStartSize({c: 'rev_slider_8_1',rl:[1240,1024,778,480],el:[],gw:[1240,1024,778,480],gh:[700,768,960,720],type:'standard',justify:'',layout:'fullwidth',mh:\"0\"});if (window.RS_MODULES!==undefined && window.RS_MODULES.modules!==undefined && window.RS_MODULES.modules[\"revslider81\"]!==undefined) {window.RS_MODULES.modules[\"revslider81\"].once = false;window.revapi8 = undefined;if (window.RS_MODULES.checkMinimal!==undefined) window.RS_MODULES.checkMinimal()}\n\t\t\t\t<\/script>\n\t\t\t<\/rs-module-wrap>\n\t\t\t<!-- END REVOLUTION SLIDER -->\n[\/vc_column][\/vc_row][vc_row bg_type=\u00bbbg_color\u00bb bg_override=\u00bbfull\u00bb bg_color_value=\u00bb#f7f9f7&#8243;][vc_column width=\u00bb1\/2&#8243;][vc_single_image image=\u00bb39&#8243; img_size=\u00bbfull\u00bb alignment=\u00bbcenter\u00bb][\/vc_column][vc_column width=\u00bb1\/2&#8243;][vc_column_text css=\u00bb.vc_custom_1563806660241{margin-top: -20px !important;margin-bottom: 20px !important;}\u00bb]<\/p>\n<h2 style=\"margin-bottom: 20px; font-size: 50px; font-family: Lato; color: #e64134; text-align: center; line-height: 50px;\">La misi\u00f3n de TROPS es garantizar a los agricultores una comercializaci\u00f3n justa y a los consumidores los mejores aguacates y mangos.<\/h2>\n<p>[\/vc_column_text][vc_column_text css=\u00bb.vc_custom_1749635036162{border-bottom-width: 30px !important;}\u00bb]<\/p>\n<h3 style=\"color: #4f4f4f; line-height: 25px; font-family: Lato; text-align: center; font-size: 22px; margin-bottom: 13px;\">TROPS &#8211; Sucursal en Portugal<\/h3>\n<p style=\"text-align: center;\">TROPS es una organizaci\u00f3n de productores de fruta tropical, principalmente de aguacate y mango, con agricultores desde la comarca de la Axarqu\u00eda (M\u00e1laga) y la costa tropical de Granada, siguiendo por la costa de Valencia, el Algarve Portugu\u00e9s, hasta Am\u00e9rica del Sur (Per\u00fa y Chile).<\/p>\n<p style=\"text-align: center;\">Somos 4.000 agricultores y nuestro principal objetivo es vender la fruta que producimos y recolectan nuestros agricultores. Comercializamos la fruta de nuestros productores con \u00e9xito en los mercados internacionales desde 1979.<\/p>\n<p style=\"text-align: center;\"><b>La misi\u00f3n de TROPS es garantizar a los agricultores una comercializaci\u00f3n justa y a los consumidores los mejores aguacates y mangos.<\/b><\/p>\n<p>[\/vc_column_text]<div class=\"pix_button button-center\"><a href=\"http:\/\/www.trops.pt\/es\/sobre-trops\/\"  class=\"clear btn ver-mas-rojo btn-outline btn-hover-outline btn-rectangle  btn-back btn-md color btn-hover-color\">SABER M\u00c1S <span class=\"btn-icon pixicon-arrow-angle-double-right\"><\/span><\/a><\/div>[\/vc_column][\/vc_row][vc_row full_width=\u00bbstretch_row_content_no_spaces\u00bb css=\u00bb.vc_custom_1561459688242{margin-top: 0px !important;margin-bottom: 0px !important;border-top-width: 0px !important;border-bottom-width: 0px !important;padding-top: 0px !important;padding-bottom: 0px !important;}\u00bb kswr_row_top_decor_enabled=\u00bbfalse\u00bb kswr_row_bottom_decor_enabled=\u00bbfalse\u00bb][vc_column][vc_column_text]<\/p>\n<h1 style=\"font-size: 50px; font-family: 'Lato'; color: #e64134; text-align: center; line-height: 50px; font-style: italic; font-weight: 300; letter-spacing: -2px!important;\">COMPROMISO \/ RENTABILIDAD \/ SEGURIDAD \/ FUTURO<\/h1>\n<p>[\/vc_column_text][\/vc_column][\/vc_row][vc_row bg_type=\u00bbgrad\u00bb bg_override=\u00bbfull\u00bb bg_grad=\u00bbbackground: -webkit-gradient(linear, left top, left bottom, color-stop(0%, #96AE29), color-stop(74%, #7A9321), color-stop(100%, #799121));background: -moz-linear-gradient(left,#96AE29 0%,#7A9321 74%,#799121 100%);background: -webkit-linear-gradient(left,#96AE29 0%,#7A9321 74%,#799121 100%);background: -o-linear-gradient(left,#96AE29 0%,#7A9321 74%,#799121 100%);background: -ms-linear-gradient(left,#96AE29 0%,#7A9321 74%,#799121 100%);background: linear-gradient(left,#96AE29 0%,#7A9321 74%,#799121 100%);\u00bb css=\u00bb.vc_custom_1534256775776{padding-top: 32px !important;padding-bottom: 42px !important;}\u00bb][vc_column width=\u00bb2\/3&#8243; css=\u00bb.vc_custom_1534415018937{margin-top: 0px !important;border-top-width: 0px !important;padding-top: 0px !important;padding-left: 50px !important;}\u00bb el_class=\u00bbunete-trops\u00bb][vc_column_text]<\/p>\n<h4 style=\"font-size: 2.6em; font-weight: 100; line-height: 53px; color: white;\">\u00danete a TROPS, la principal productora de aguacate y mango de Europa.<\/h4>\n<p class=\"unete-trops\" style=\"color: white; font-size: 15px;\">Inf\u00f3rmate aqu\u00ed sobre las ventajas de ser socio de TROPS<\/p>\n<p>[\/vc_column_text][\/vc_column][vc_column width=\u00bb1\/3&#8243; css=\u00bb.vc_custom_1534256137792{margin-top: 75px !important;border-top-width: 0px !important;padding-top: 0px !important;}\u00bb]<div class=\"pix_button button-center\"><a href=\"http:\/\/www.trops.pt\/es\/work-with-us\/\"  class=\"clear btn ver-mas-verde btn-outline btn-hover-outline btn-rectangle  btn-back btn-md white btn-hover-white\">SABER M\u00c1S <span class=\"btn-icon pixicon-arrow-angle-double-right\"><\/span><\/a><\/div>[\/vc_column][\/vc_row][vc_row bg_type=\u00bbbg_color\u00bb bg_override=\u00bbfull\u00bb bg_color_value=\u00bb#ffffff\u00bb css=\u00bb.vc_custom_1534257566928{padding-top: 0px !important;padding-bottom: 20px !important;}\u00bb][vc_column el_class=\u00bbpasion-por-la-fruta\u00bb][vc_column_text css=\u00bb.vc_custom_1534256658738{margin-bottom: 0px !important;padding-bottom: 0px !important;}\u00bb]<\/p>\n<h2 style=\"margin-bottom: 20px; font-size: 50px; font-family: Lato; color: #e64134; text-align: center;\">Pasi\u00f3n por la fruta tropical<\/h2>\n<p>[\/vc_column_text][vc_column_text css=\u00bb.vc_custom_1534256866542{margin-top: -10px !important;}\u00bb]<\/p>\n<p style=\"font-size: 1.2em; color: #4f4f4f; text-align: center; letter-spacing: 2px;\"><strong>NUESTROS PRODUCTOS<\/strong><\/p>\n<p>[\/vc_column_text][\/vc_column][\/vc_row][vc_row full_width=\u00bbstretch_row_content_no_spaces\u00bb css=\u00bb.vc_custom_1536233804216{margin-top: 0px !important;padding-top: 0px !important;padding-bottom: 0px !important;}\u00bb kswr_row_top_decor_enabled=\u00bbfalse\u00bb kswr_row_bottom_decor_enabled=\u00bbfalse\u00bb][vc_column width=\u00bb1\/2&#8243; css=\u00bb.vc_custom_1536244146415{margin-top: 0px !important;margin-bottom: 0px !important;padding-top: 0px !important;padding-bottom: 0px !important;background-color: #90c434 !important;background-position: 0 0 !important;background-repeat: no-repeat !important;}\u00bb el_id=\u00bbaguacate\u00bb]\n\t\t\t<!-- START aguacate REVOLUTION SLIDER 6.5.22 --><p class=\"rs-p-wp-fix\"><\/p>\n\t\t\t<rs-module-wrap id=\"rev_slider_2_2_wrapper\" data-source=\"gallery\" style=\"visibility:hidden;background:transparent;padding:0;margin:0px auto;margin-top:0;margin-bottom:0;\">\n\t\t\t\t<rs-module id=\"rev_slider_2_2\" style=\"\" data-version=\"6.5.22\">\n\t\t\t\t\t<rs-slides>\n\t\t\t\t\t\t<rs-slide style=\"position: absolute;\" data-key=\"rs-6\" data-title=\"Slide\" data-anim=\"ms:600;\" data-in=\"o:0;\" data-out=\"a:false;\">\n\t\t\t\t\t\t\t<img loading=\"lazy\" decoding=\"async\" src=\"\/\/www.trops.pt\/wp-content\/plugins\/revslider\/public\/assets\/assets\/dummy.png\" alt=\"\" title=\"aguacate3\" width=\"530\" height=\"545\" class=\"rev-slidebg tp-rs-img rs-lazyload\" data-lazyload=\"\/\/www.trops.pt\/wp-content\/uploads\/2018\/08\/aguacate3.jpg\" data-bg=\"p:center top;f:contain;\" data-parallax=\"8\" data-no-retina>\n<!--\n\t\t\t\t\t\t\t--><rs-layer\n\t\t\t\t\t\t\t\tid=\"slider-2-slide-6-layer-1\" \n\t\t\t\t\t\t\t\tdata-type=\"text\"\n\t\t\t\t\t\t\t\tdata-color=\"#ffffff\"\n\t\t\t\t\t\t\t\tdata-rsp_ch=\"on\"\n\t\t\t\t\t\t\t\tdata-xy=\"x:c;xo:-1px;y:b;\"\n\t\t\t\t\t\t\t\tdata-text=\"s:50;l:55;fw:300;a:inherit;\"\n\t\t\t\t\t\t\t\tdata-actions='o:click;a:simplelink;target:_self;url:http:\/\/www.trops.pt\/es\/products\/avocados\/;'\n\t\t\t\t\t\t\t\tdata-frame_0=\"x:-50px;tp:600;\"\n\t\t\t\t\t\t\t\tdata-frame_1=\"tp:600;e:power3.out;sp:1500;sR:10;\"\n\t\t\t\t\t\t\t\tdata-frame_999=\"o:0;tp:600;st:w;sR:7490;\"\n\t\t\t\t\t\t\t\tstyle=\"z-index:5;font-family:'Lato';cursor:pointer;\"\n\t\t\t\t\t\t\t>AGUACATE \n\t\t\t\t\t\t\t<\/rs-layer><!--\n-->\t\t\t\t\t\t<\/rs-slide>\n\t\t\t\t\t<\/rs-slides>\n\t\t\t\t<\/rs-module>\n\t\t\t\t<script>\n\t\t\t\t\tsetREVStartSize({c: 'rev_slider_2_2',rl:[1240,1024,778,480],el:[],gw:[1240],gh:[600],type:'standard',justify:'',layout:'fullwidth',mh:\"0\"});if (window.RS_MODULES!==undefined && window.RS_MODULES.modules!==undefined && window.RS_MODULES.modules[\"revslider22\"]!==undefined) {window.RS_MODULES.modules[\"revslider22\"].once = false;window.revapi2 = undefined;if (window.RS_MODULES.checkMinimal!==undefined) window.RS_MODULES.checkMinimal()}\n\t\t\t\t<\/script>\n\t\t\t<\/rs-module-wrap>\n\t\t\t<!-- END REVOLUTION SLIDER -->\n[\/vc_column][vc_column width=\u00bb1\/2&#8243; css=\u00bb.vc_custom_1536244443907{margin-top: 0px !important;margin-bottom: 0px !important;padding-top: 0px !important;padding-bottom: 0px !important;background-color: #feb707 !important;}\u00bb]\n\t\t\t<!-- START MANGO REVOLUTION SLIDER 6.5.22 --><p class=\"rs-p-wp-fix\"><\/p>\n\t\t\t<rs-module-wrap id=\"rev_slider_3_3_wrapper\" data-source=\"gallery\" style=\"visibility:hidden;background:transparent;padding:0;margin:0px auto;margin-top:0;margin-bottom:0;\">\n\t\t\t\t<rs-module id=\"rev_slider_3_3\" style=\"\" data-version=\"6.5.22\">\n\t\t\t\t\t<rs-slides>\n\t\t\t\t\t\t<rs-slide style=\"position: absolute;\" data-key=\"rs-8\" data-title=\"Slide\" data-anim=\"ms:600;\" data-in=\"o:0;\" data-out=\"a:false;\">\n\t\t\t\t\t\t\t<img loading=\"lazy\" decoding=\"async\" src=\"\/\/www.trops.pt\/wp-content\/plugins\/revslider\/public\/assets\/assets\/dummy.png\" alt=\"\" title=\"mango3\" width=\"530\" height=\"545\" class=\"rev-slidebg tp-rs-img rs-lazyload\" data-lazyload=\"\/\/www.trops.pt\/wp-content\/uploads\/2018\/08\/mango3.jpg\" data-bg=\"p:center top;f:contain;\" data-parallax=\"8\" data-no-retina>\n<!--\n\t\t\t\t\t\t\t--><rs-layer\n\t\t\t\t\t\t\t\tid=\"slider-3-slide-8-layer-1\" \n\t\t\t\t\t\t\t\tdata-type=\"text\"\n\t\t\t\t\t\t\t\tdata-color=\"#ffffff\"\n\t\t\t\t\t\t\t\tdata-rsp_ch=\"on\"\n\t\t\t\t\t\t\t\tdata-xy=\"x:c;xo:2px;y:b;yo:1px;\"\n\t\t\t\t\t\t\t\tdata-text=\"s:50;l:55;fw:300;a:inherit;\"\n\t\t\t\t\t\t\t\tdata-actions='o:click;a:simplelink;target:_self;url:http:\/\/www.trops.pt\/es\/products\/mango\/;'\n\t\t\t\t\t\t\t\tdata-frame_0=\"x:-50px;tp:600;\"\n\t\t\t\t\t\t\t\tdata-frame_1=\"tp:600;e:power3.out;sp:1500;sR:10;\"\n\t\t\t\t\t\t\t\tdata-frame_999=\"o:0;tp:600;st:w;sR:7490;\"\n\t\t\t\t\t\t\t\tstyle=\"z-index:5;font-family:'Lato';cursor:pointer;\"\n\t\t\t\t\t\t\t>MANGO \n\t\t\t\t\t\t\t<\/rs-layer><!--\n-->\t\t\t\t\t\t<\/rs-slide>\n\t\t\t\t\t<\/rs-slides>\n\t\t\t\t<\/rs-module>\n\t\t\t\t<script>\n\t\t\t\t\tsetREVStartSize({c: 'rev_slider_3_3',rl:[1240,1024,778,480],el:[],gw:[1240],gh:[600],type:'standard',justify:'',layout:'fullwidth',mh:\"0\"});if (window.RS_MODULES!==undefined && window.RS_MODULES.modules!==undefined && window.RS_MODULES.modules[\"revslider33\"]!==undefined) {window.RS_MODULES.modules[\"revslider33\"].once = false;window.revapi3 = undefined;if (window.RS_MODULES.checkMinimal!==undefined) window.RS_MODULES.checkMinimal()}\n\t\t\t\t<\/script>\n\t\t\t<\/rs-module-wrap>\n\t\t\t<!-- END REVOLUTION SLIDER -->\n[\/vc_column][\/vc_row][vc_row bg_type=\u00bbbg_color\u00bb bg_override=\u00bbfull\u00bb bg_color_value=\u00bb#ffffff\u00bb css=\u00bb.vc_custom_1534257566928{padding-top: 0px !important;padding-bottom: 20px !important;}\u00bb][vc_column el_class=\u00bbdel-campo-a-la-mesa\u00bb][vc_column_text css=\u00bb.vc_custom_1534257669698{margin-bottom: 0px !important;padding-bottom: 0px !important;}\u00bb]<\/p>\n<h2 style=\"margin-bottom: 20px; font-size: 50px; font-family: Lato; color: #e64134; text-align: center;\">Del campo a la mesa<\/h2>\n<p>[\/vc_column_text][vc_column_text css=\u00bb.vc_custom_1534257695597{margin-top: -10px !important;}\u00bb]<\/p>\n<p style=\"font-size: 1.2em; color: #4f4f4f; text-align: center; letter-spacing: 2px;\"><strong>EN TROPS CUIDAMOS CADA ETAPA EN LA VIDA DE NUESTROS PRODUCTOS<\/strong><\/p>\n<p>[\/vc_column_text][vc_row_inner][vc_column_inner el_class=\u00bbrecoleccion-cultivo\u00bb width=\u00bb1\/4&#8243;][vc_single_image image=\u00bb131&#8243; img_size=\u00bbfull\u00bb alignment=\u00bbcenter\u00bb css_animation=\u00bbzoomIn\u00bb el_class=\u00bbrecoleccion\u00bb css=\u00bb.vc_custom_1543409665276{margin-bottom: -70px !important;}\u00bb][vc_column_text el_class=\u00bbrecoleccion\u00bb]<\/p>\n<p style=\"margin-bottom: 10px; font-size: 1.2em; color: #4f4f4f; text-align: center;\"><strong>CULTIVO<\/strong><\/p>\n<p style=\"line-height: 20px; color: #4f4f4f; font-size: 1em; text-align: center;\">Los agricultores y t\u00e9cnicos de TROPS trabajan juntos para conseguir la mejor cosecha cada a\u00f1o.<\/p>\n<p>[\/vc_column_text][vc_single_image image=\u00bb132&#8243; img_size=\u00bbfull\u00bb alignment=\u00bbcenter\u00bb css_animation=\u00bbzoomIn\u00bb el_class=\u00bbcultivo\u00bb css=\u00bb.vc_custom_1543409722381{margin-bottom: -60px !important;}\u00bb][vc_column_text el_class=\u00bbcultivo\u00bb]<\/p>\n<p style=\"margin-bottom: 10px; font-size: 1.2em; color: #4f4f4f; text-align: center;\"><strong>CALIDAD<\/strong><\/p>\n<p style=\"line-height: 20px; color: #4f4f4f; font-size: 1em; text-align: center;\">\u00a0Cada fruto pasa exhaustivos controles de calidad para garantizar la excelencia.<\/p>\n<p>[\/vc_column_text][\/vc_column_inner][vc_column_inner width=\u00bb1\/2&#8243; css=\u00bb.vc_custom_1534258277703{margin-right: 0px !important;margin-left: 0px !important;border-right-width: 0px !important;border-left-width: 0px !important;padding-right: 0px !important;padding-left: 0px !important;}\u00bb][vc_single_image image=\u00bb430&#8243; img_size=\u00bbfull\u00bb alignment=\u00bbright\u00bb css=\u00bb.vc_custom_1536762664253{margin-right: 0px !important;margin-left: -70px !important;border-right-width: 0px !important;border-left-width: 0px !important;padding-right: 0px !important;padding-left: 0px !important;}\u00bb el_id=\u00bbaguacatehome\u00bb][\/vc_column_inner][vc_column_inner el_class=\u00bbcalidad-comercializacion\u00bb width=\u00bb1\/4&#8243;][vc_single_image image=\u00bb130&#8243; img_size=\u00bbfull\u00bb alignment=\u00bbcenter\u00bb css_animation=\u00bbzoomIn\u00bb el_class=\u00bbcalidad\u00bb css=\u00bb.vc_custom_1543409694939{margin-bottom: -80px !important;}\u00bb][vc_column_text el_class=\u00bbcalidad\u00bb]<\/p>\n<p style=\"margin-bottom: 10px; font-size: 1.2em; color: #4f4f4f; text-align: center;\"><strong>RECOLECCI\u00d3N<\/strong><\/p>\n<p style=\"line-height: 20px; color: #4f4f4f; font-size: 1em; text-align: center;\">El fruto es recolectado en el momento \u00f3ptimo para su cosumo.<\/p>\n<p>[\/vc_column_text][vc_single_image image=\u00bb133&#8243; img_size=\u00bbfull\u00bb alignment=\u00bbcenter\u00bb css_animation=\u00bbzoomIn\u00bb el_class=\u00bbcomercializacion\u00bb css=\u00bb.vc_custom_1542801646969{margin-bottom: -70px !important;}\u00bb][vc_column_text el_class=\u00bbcomercializacion\u00bb]<\/p>\n<p style=\"margin-bottom: 10px; font-size: 1.2em; color: #4f4f4f; text-align: center;\"><strong>COMERCIALIZACI\u00d3N<\/strong><\/p>\n<p style=\"line-height: 20px; color: #4f4f4f; font-size: 1em; text-align: center;\">Un equipo de expertos comercializa nuestros productos por todo el mundo.<\/p>\n<p>[\/vc_column_text][\/vc_column_inner][\/vc_row_inner][\/vc_column][\/vc_row]<\/p>\n","protected":false},"excerpt":{"rendered":"<p>[vc_row remove_padding=\u00bbno-padding-vc-row\u00bb][vc_column][\/vc_column][\/vc_row][vc_row bg_type=\u00bbbg_color\u00bb bg_override=\u00bbfull\u00bb bg_color_value=\u00bb#f7f9f7&#8243;][vc_column width=\u00bb1\/2&#8243;][vc_single_image image=\u00bb39&#8243; img_size=\u00bbfull\u00bb alignment=\u00bbcenter\u00bb][\/vc_column][vc_column width=\u00bb1\/2&#8243;][vc_column_text css=\u00bb.vc_custom_1563806660241{margin-top: -20px !important;margin-bottom: 20px !important;}\u00bb] La misi\u00f3n de TROPS es garantizar a los agricultores una comercializaci\u00f3n justa y a los consumidores los mejores aguacates y mangos. [\/vc_column_text][vc_column_text css=\u00bb.vc_custom_1749635036162{border-bottom-width: 30px !important;}\u00bb]&#8230;<\/p>\n","protected":false},"author":1,"featured_media":0,"parent":0,"menu_order":0,"comment_status":"closed","ping_status":"closed","template":"","meta":{"footnotes":""},"class_list":["post-5","page","type-page","status-publish","hentry"],"_links":{"self":[{"href":"https:\/\/www.trops.pt\/es\/wp-json\/wp\/v2\/pages\/5","targetHints":{"allow":["GET"]}}],"collection":[{"href":"https:\/\/www.trops.pt\/es\/wp-json\/wp\/v2\/pages"}],"about":[{"href":"https:\/\/www.trops.pt\/es\/wp-json\/wp\/v2\/types\/page"}],"author":[{"embeddable":true,"href":"https:\/\/www.trops.pt\/es\/wp-json\/wp\/v2\/users\/1"}],"replies":[{"embeddable":true,"href":"https:\/\/www.trops.pt\/es\/wp-json\/wp\/v2\/comments?post=5"}],"version-history":[{"count":178,"href":"https:\/\/www.trops.pt\/es\/wp-json\/wp\/v2\/pages\/5\/revisions"}],"predecessor-version":[{"id":1987,"href":"https:\/\/www.trops.pt\/es\/wp-json\/wp\/v2\/pages\/5\/revisions\/1987"}],"wp:attachment":[{"href":"https:\/\/www.trops.pt\/es\/wp-json\/wp\/v2\/media?parent=5"}],"curies":[{"name":"wp","href":"https:\/\/api.w.org\/{rel}","templated":true}]}}