{"id":9,"date":"2018-08-14T11:38:42","date_gmt":"2018-08-14T11:38:42","guid":{"rendered":"http:\/\/www.trops.pt\/?page_id=9"},"modified":"2025-06-11T09:44:49","modified_gmt":"2025-06-11T09:44:49","slug":"sobre-trops","status":"publish","type":"page","link":"https:\/\/www.trops.pt\/es\/sobre-trops\/","title":{"rendered":"SOBRE TROPS"},"content":{"rendered":"<p>[vc_row bg_type=\u00bbimage\u00bb parallax_style=\u00bbvcpb-default\u00bb bg_image_repeat=\u00bbno-repeat\u00bb bg_image_size=\u00bbcontain\u00bb bg_image_posiiton=\u00bb100% 0px\u00bb bg_override=\u00bbfull\u00bb kswr_row_top_decor_enabled=\u00bbfalse\u00bb kswr_row_bottom_decor_enabled=\u00bbfalse\u00bb css=\u00bb.vc_custom_1534506123928{padding-top: 80px !important;padding-bottom: 0px !important;background-position: center !important;background-repeat: no-repeat !important;background-size: cover !important;}\u00bb el_class=\u00bbfila1-about-us\u00bb][vc_column][vc_empty_space height=\u00bb100&#8243;]<h2 class=\"titl\">SOBRE TROPS<\/h2>[\/vc_column][vc_column css_animation=\u00bbleft-to-right\u00bb width=\u00bb2\/3&#8243; css=\u00bb.vc_custom_1543310847974{padding-right: 100px !important;}\u00bb][vc_column_text]<\/p>\n<p><iframe loading=\"lazy\" title=\"TROPS - INNOVACI\u00d3N Y PROFESIONALIZACI\u00d3N\" width=\"840\" height=\"473\" src=\"https:\/\/www.youtube.com\/embed\/1z2RZTIYGOk?feature=oembed\" frameborder=\"0\" allow=\"accelerometer; autoplay; clipboard-write; encrypted-media; gyroscope; picture-in-picture; web-share\" referrerpolicy=\"strict-origin-when-cross-origin\" allowfullscreen><\/iframe><\/p>\n<h3><strong>Referente mundial en la producci\u00f3n de Aguacate y Mango<\/strong><\/h3>\n<p><span style=\"font-weight: 400;\">TROPS es una organizaci\u00f3n de productores de fruta tropical, principalmente de aguacate y mango, con agricultores desde la comarca de la Axarqu\u00eda (M\u00e1laga) y la costa tropical de Granada, siguiendo por la costa de Valencia, el Algarve Portugu\u00e9s, hasta Am\u00e9rica del Sur (Per\u00fa y Chile).<\/span><\/p>\n<p><span style=\"font-weight: 400;\">Somos m\u00e1s de 4.000 agricultores asociados y nuestro principal objetivo es vender la fruta que producen y recolectan nuestros agricultores. Comercializamos la fruta de nuestros productos con \u00e9xito en los mercados internacionales desde 1979.<\/span><\/p>\n<p><b>La misi\u00f3n de TROPS es garantizar a los agricultores una comercializaci\u00f3n justa y a los consumidores las mejores frutas tropicales.<\/b>[\/vc_column_text][\/vc_column][vc_column width=\u00bb1\/3&#8243;][\/vc_column][\/vc_row][vc_row bg_type=\u00bbimage\u00bb parallax_style=\u00bbvcpb-default\u00bb bg_image_new=\u00bbid^1594|url^https:\/\/www.trops.pt\/wp-content\/uploads\/2020\/11\/ubicacion-sur-trops.gif|caption^null|alt^null|title^ubicacion-sur-trops|description^null\u00bb bg_image_repeat=\u00bbno-repeat\u00bb bg_image_size=\u00bbcontain\u00bb bg_image_posiiton=\u00bb0px 0px\u00bb css=\u00bb.vc_custom_1605870431637{padding-top: 0px !important;}\u00bb kswr_row_top_decor_enabled=\u00bbfalse\u00bb kswr_row_bottom_decor_enabled=\u00bbfalse\u00bb el_class=\u00bbfila2-about-us\u00bb][vc_column width=\u00bb1\/4&#8243; css=\u00bb.vc_custom_1534418464955{padding-top: 0px !important;}\u00bb][\/vc_column][vc_column width=\u00bb3\/4&#8243; css=\u00bb.vc_custom_1536249959082{background-color: rgba(255,255,255,0.76) !important;*background-color: rgb(255,255,255) !important;}\u00bb][vc_column_text css_animation=\u00bbright-to-left\u00bb css=\u00bb.vc_custom_1749635086188{padding-top: 25px !important;padding-right: 25px !important;padding-bottom: 25px !important;padding-left: 25px !important;}\u00bb]<\/p>\n<h3><strong>En TROPS caminamos hacia la excelencia empresarial consiguiendo la m\u00e1xima rentabilidad para sus socios\/productores a partir de la profesionalizaci\u00f3n, la innovaci\u00f3n, la transparencia y la consistencia en la gesti\u00f3n.<\/strong><\/h3>\n<p><span style=\"font-weight: 400;\">Gracias a nuestro equipo, con m\u00e1s de 45 a\u00f1os de experiencia y nuestros m\u00e1s de 4.000 agricultores, hoy en d\u00eda somos una empresa que opera en los mercados internacionales compitiendo con \u00e9xito a muy alto nivel de calidad y de servicio.<\/span><\/p>\n<p><span style=\"font-weight: 400;\">Siempre enfoncados a una producci\u00f3n responsable con el medio ambiente y con el objetivo de lograr la plena satisfacci\u00f3n de los consumidores en aspectos fundamentales como son el sabor y la salubridad de la fruta. Somos muy conscientes de las exigentes y cambiantes demandas del mercado, unidos a la tecnolog\u00eda de nuestras instalaciones pioneras en el sector y a una gesti\u00f3n empresarial muy especializada, logramos con humildad, ser referente mundial en la producci\u00f3n de aguacate y mango.<\/span><\/p>\n<p><span style=\"font-weight: 400;\">Nuestros agricultores encuentran respaldo en todas las facetas de su ciclo productivo-econ\u00f3mico; desde las plantaciones, donde TROPS cuenta con un cualificado equipo de ingenieros agr\u00f3nomos, hasta en la organizaci\u00f3n de la recolecci\u00f3n de forma que obtengan la mayor calidad en sus producciones. As\u00edmismo dispondr\u00e1n de apoyo financiero, asesoramiento comercial y una formaci\u00f3n cont\u00ednua.<\/span>[\/vc_column_text][\/vc_column][\/vc_row][vc_row equal_height=\u00bbyes\u00bb bg_type=\u00bbimage\u00bb parallax_style=\u00bbvcpb-vz-jquery\u00bb bg_image_new=\u00bbid^1608|url^https:\/\/www.trops.pt\/wp-content\/uploads\/2020\/12\/placas-solares-TROPS.jpg|caption^null|alt^null|title^placas-solares-TROPS|description^null\u00bb bg_image_repeat=\u00bbno-repeat\u00bb bg_override=\u00bbfull\u00bb kswr_row_top_decor_enabled=\u00bbfalse\u00bb kswr_row_bottom_decor_enabled=\u00bbfalse\u00bb][vc_column][vc_row_inner css=\u00bb.vc_custom_1542903989659{background-color: rgba(255,255,255,0.84) !important;*background-color: rgb(255,255,255) !important;}\u00bb][vc_column_inner][vc_column_text css_animation=\u00bbbottom-to-top\u00bb css=\u00bb.vc_custom_1551955301212{padding-top: 20px !important;padding-right: 40px !important;padding-bottom: 20px !important;padding-left: 40px !important;}\u00bb]<\/p>\n<h3 style=\"text-align: left;\"><strong>La Responsabilidad Corporativa con nuestro entorno es un elemento clave en la gesti\u00f3n englobando aspectos como:<\/strong><\/h3>\n<ul>\n<li style=\"font-weight: 400;\">Condiciones laborales que permitan a sus trabajadores tener y desarrollar sus propios proyectos de vida con una contrataci\u00f3n estable, clara y ordenada. Potenciando la formaci\u00f3n y la promoci\u00f3n interna dentro de la sociedad.<\/li>\n<li>Promoci\u00f3n del consumo de fruta y verdura en la sociedad en general y entre los escolares en particular para mejorar la salud y la calidad de vida.<\/li>\n<li><strong>Desarrollo social<\/strong> \u2192 Colaboraci\u00f3n y patrocinio de acciones sociales y deportivas.<\/li>\n<li><b>Investigaci\u00f3n, Innovaci\u00f3n y Desarrollo <\/b>\u2192 Desarrollo de proyectos de I + D + I con diversas universidades y estaciones experimentales del Consejo Superior de Investigaciones Cient\u00edficas.<\/li>\n<li>Participaci\u00f3n activa en todas aquellas asociaciones sectoriales que fomenten el desarrollo social del entorno agr\u00edcola.<\/li>\n<li style=\"font-weight: 400;\">Medidas de producci\u00f3n respetuosas con el medio ambiente, dirigidas a:\n<ul>\n<li style=\"font-weight: 400;\">Generaci\u00f3n de energ\u00eda.<\/li>\n<li style=\"font-weight: 400;\">Ahorro en el consumo del agua.<\/li>\n<li style=\"font-weight: 400;\">Eliminar desperdicios.<\/li>\n<li style=\"font-weight: 400;\">Envases biodegradables.<\/li>\n<\/ul>\n<\/li>\n<\/ul>\n<p>[\/vc_column_text][\/vc_column_inner][\/vc_row_inner][\/vc_column][\/vc_row][vc_row bg_type=\u00bbgrad\u00bb bg_override=\u00bbfull\u00bb bg_grad=\u00bbbackground: -webkit-gradient(linear, left top, left bottom, color-stop(0%, #96AE29), color-stop(74%, #7A9321), color-stop(100%, #799121));background: -moz-linear-gradient(left,#96AE29 0%,#7A9321 74%,#799121 100%);background: -webkit-linear-gradient(left,#96AE29 0%,#7A9321 74%,#799121 100%);background: -o-linear-gradient(left,#96AE29 0%,#7A9321 74%,#799121 100%);background: -ms-linear-gradient(left,#96AE29 0%,#7A9321 74%,#799121 100%);background: linear-gradient(left,#96AE29 0%,#7A9321 74%,#799121 100%);\u00bb css=\u00bb.vc_custom_1534256775776{padding-top: 32px !important;padding-bottom: 42px !important;}\u00bb][vc_column width=\u00bb2\/3&#8243; css=\u00bb.vc_custom_1534415018937{margin-top: 0px !important;border-top-width: 0px !important;padding-top: 0px !important;padding-left: 50px !important;}\u00bb el_class=\u00bbunete-trops\u00bb][vc_column_text]<\/p>\n<h4 style=\"font-size: 2.6em; font-weight: 100; line-height: 53px; color: white;\">\u00danete a TROPS, la principal productora de aguacate y mango de Europa.<\/h4>\n<p class=\"unete-trops\" style=\"color: white; font-size: 15px;\">Inf\u00f3rmate aqu\u00ed sobre las ventajas de ser socio de TROPS<\/p>\n<p>[\/vc_column_text][\/vc_column][vc_column width=\u00bb1\/3&#8243; css=\u00bb.vc_custom_1534256137792{margin-top: 75px !important;border-top-width: 0px !important;padding-top: 0px !important;}\u00bb]<div class=\"pix_button button-center\"><a href=\"http:\/\/www.trops.pt\/es\/work-with-us\/\"  class=\"clear btn ver-mas-verde btn-outline btn-hover-outline btn-rectangle  btn-back btn-md white btn-hover-white\">SABER M\u00c1S <span class=\"btn-icon pixicon-arrow-angle-double-right\"><\/span><\/a><\/div>[\/vc_column][\/vc_row]<\/p>\n","protected":false},"excerpt":{"rendered":"<p>[vc_row bg_type=\u00bbimage\u00bb parallax_style=\u00bbvcpb-default\u00bb bg_image_repeat=\u00bbno-repeat\u00bb bg_image_size=\u00bbcontain\u00bb bg_image_posiiton=\u00bb100% 0px\u00bb bg_override=\u00bbfull\u00bb kswr_row_top_decor_enabled=\u00bbfalse\u00bb kswr_row_bottom_decor_enabled=\u00bbfalse\u00bb css=\u00bb.vc_custom_1534506123928{padding-top: 80px !important;padding-bottom: 0px !important;background-position: center !important;background-repeat: no-repeat !important;background-size: cover !important;}\u00bb el_class=\u00bbfila1-about-us\u00bb][vc_column][vc_empty_space height=\u00bb100&#8243;][\/vc_column][vc_column css_animation=\u00bbleft-to-right\u00bb width=\u00bb2\/3&#8243; css=\u00bb.vc_custom_1543310847974{padding-right: 100px !important;}\u00bb][vc_column_text] Referente mundial en la producci\u00f3n de Aguacate y Mango TROPS es una&#8230;<\/p>\n","protected":false},"author":1,"featured_media":0,"parent":0,"menu_order":0,"comment_status":"closed","ping_status":"closed","template":"","meta":{"footnotes":""},"class_list":["post-9","page","type-page","status-publish","hentry"],"_links":{"self":[{"href":"https:\/\/www.trops.pt\/es\/wp-json\/wp\/v2\/pages\/9","targetHints":{"allow":["GET"]}}],"collection":[{"href":"https:\/\/www.trops.pt\/es\/wp-json\/wp\/v2\/pages"}],"about":[{"href":"https:\/\/www.trops.pt\/es\/wp-json\/wp\/v2\/types\/page"}],"author":[{"embeddable":true,"href":"https:\/\/www.trops.pt\/es\/wp-json\/wp\/v2\/users\/1"}],"replies":[{"embeddable":true,"href":"https:\/\/www.trops.pt\/es\/wp-json\/wp\/v2\/comments?post=9"}],"version-history":[{"count":129,"href":"https:\/\/www.trops.pt\/es\/wp-json\/wp\/v2\/pages\/9\/revisions"}],"predecessor-version":[{"id":1988,"href":"https:\/\/www.trops.pt\/es\/wp-json\/wp\/v2\/pages\/9\/revisions\/1988"}],"wp:attachment":[{"href":"https:\/\/www.trops.pt\/es\/wp-json\/wp\/v2\/media?parent=9"}],"curies":[{"name":"wp","href":"https:\/\/api.w.org\/{rel}","templated":true}]}}